{"id":345,"date":"2018-09-25T13:38:07","date_gmt":"2018-09-25T13:38:07","guid":{"rendered":"http:\/\/justicia.mikado-themes.com\/?page_id=345"},"modified":"2021-06-16T00:45:19","modified_gmt":"2021-06-15T22:45:19","slug":"about-us","status":"publish","type":"page","link":"https:\/\/adwokat-justynakoziol.pl\/?page_id=345","title":{"rendered":"E-KANCELARIA"},"content":{"rendered":"<p>[vc_row row_content_width=&#8221;grid&#8221; disable_background_image=&#8221;&#8221; simple_background_image=&#8221;2779&#8243; css=&#8221;.vc_custom_1539868674244{padding-top: 115px !important;padding-bottom: 130px !important;background-position: center !important;background-repeat: no-repeat !important;background-size: cover !important;}&#8221;][vc_column]<div class=\"mkdf-accordion-holder mkdf-ac-default  mkdf-accordion mkdf-ac-boxed  clearfix\">\n\t<h5 class=\"mkdf-accordion-title\">\n    <span class=\"mkdf-accordion-mark\">\n\t\t<span class=\"mkdf_icon_plus icon_plus\"><\/span>\n\t\t<span class=\"mkdf_icon_minus icon_minus-06\"><\/span>\n\t<\/span>\n\t<span class=\"mkdf-tab-title\">US\u0141UGA PRAWNA ON-LINE<\/span>\n<\/h5>\n<div class=\"mkdf-accordion-content\">\n\t<div class=\"mkdf-accordion-content-inner\">\n\t\t[vc_column_text]<\/p>\n<h5>Kancelaria \u015bwiadczy<span style=\"color: #e5936b;\"> us\u0142ugi prawne on-line<\/span> za po\u015brednictwem Internetu. Powy\u017csza us\u0142uga umo\u017cliwia w spos\u00f3b \u0142atwy i szybki uzyskanie pomocy prawnej nie wychodz\u0105c z domu. Wszelkie dokumenty oraz przedstawione przez Pa\u0144stwa okoliczno\u015bci faktyczne s\u0105 obj\u0119te tajemnic\u0105 adwokack\u0105, kt\u00f3rej Kancelaria zobowi\u0105zana jest przestrzega\u0107.<\/h5>\n<p>[\/vc_column_text]\t<\/div>\n<\/div><\/div><div class=\"mkdf-accordion-holder mkdf-ac-default  mkdf-accordion mkdf-ac-boxed  clearfix\">\n\t<h5 class=\"mkdf-accordion-title\">\n    <span class=\"mkdf-accordion-mark\">\n\t\t<span class=\"mkdf_icon_plus icon_plus\"><\/span>\n\t\t<span class=\"mkdf_icon_minus icon_minus-06\"><\/span>\n\t<\/span>\n\t<span class=\"mkdf-tab-title\">JAK SKORZYSTA\u0106 Z US\u0141UGI PRAWNEJ ON-LINE?<\/span>\n<\/h5>\n<div class=\"mkdf-accordion-content\">\n\t<div class=\"mkdf-accordion-content-inner\">\n\t\t[vc_column_text]<\/p>\n<h5>Je\u017celi chc\u0105 Pa\u0144stwo skorzysta\u0107 z us\u0142ugi prawnej on-line nale\u017cy:<\/h5>\n<h5>1. zapozna\u0107 si\u0119 z regulaminem \u015bwiadczenia us\u0142ugi prawnej on-line,<\/h5>\n<h5>2. wype\u0142ni\u0107 formularz kontaktowy i opisa\u0107 stan faktyczny sprawy albo przes\u0142a\u0107 stan faktyczny sprawy na e-mail kancelarii,<\/h5>\n<h5>3. za\u0142\u0105czy\u0107 dokumenty dotycz\u0105ce stanu faktycznego,<\/h5>\n<h5>4. w ci\u0105gu 48 h (dotyczy dni roboczych) otrzymaj\u0105 Pa\u0144stwo maila z informacj\u0105 o terminie i sposobie za\u0142atwienia sprawy oraz wysoko\u015bci wynagrodzenia za us\u0142ug\u0119 wraz ze wskazaniem numeru rachunku bankowego, na kt\u00f3ry nale\u017cy dokona\u0107 p\u0142atno\u015bci,<\/h5>\n<h5>5. po akceptacji powy\u017cszych warunk\u00f3w nale\u017cy dokona\u0107 wp\u0142aty honorarium na rachunek bankowy kancelarii,<\/h5>\n<h5>6. przesy\u0142aj\u0105c wype\u0142niony formularz albo e-mail akceptuj\u0105 Pa\u0144stwo regulamin\u00a0 \u015bwiadczenia us\u0142ugi prawnej on-line.<\/h5>\n<p>[\/vc_column_text]\t<\/div>\n<\/div><h5 class=\"mkdf-accordion-title\">\n    <span class=\"mkdf-accordion-mark\">\n\t\t<span class=\"mkdf_icon_plus icon_plus\"><\/span>\n\t\t<span class=\"mkdf_icon_minus icon_minus-06\"><\/span>\n\t<\/span>\n\t<span class=\"mkdf-tab-title\">REGULAMIN US\u0141UG PRAWNYCH ON-LINE<\/span>\n<\/h5>\n<div class=\"mkdf-accordion-content\">\n\t<div class=\"mkdf-accordion-content-inner\">\n\t\t[vc_column_text]<\/p>\n<h6>Niniejszy Regulamin \u015awiadczenia Us\u0142ug Prawnych On-Line, zwany dalej Regulaminem, reguluje zasady \u015bwiadczenia us\u0142ug prawnych drog\u0105 elektroniczn\u0105 przez Kancelari\u0119 Adwokack\u0105 Justyny Kozio\u0142<\/h6>\n<h6 style=\"text-align: center;\">\u00a71<br \/>\nDEFINICJE<\/h6>\n<h6 style=\"text-align: left;\">Na potrzeby niniejszego regulaminu okre\u015bla si\u0119 znaczenie poni\u017cszych definicji:<br \/>\n1) Kancelaria \u2013 Kancelaria Adwokacka Justyna Kozio\u0142, <span style=\"font-weight: 400;\">ul. Bz\u00f3w 7A, 40-410 Katowice NIP: 253 019 11 15, REGON: <\/span><span style=\"font-weight: 400;\">\u00a0<\/span><span style=\"font-weight: 400;\">388507764<\/span><span style=\"font-weight: 400;\">, e-mail: <\/span><span style=\"font-weight: 400;\">kancelaria@adwokat-justynakoziol.pl<\/span><span style=\"font-weight: 400;\">, tel: (+48) 791 844 288<\/span><br \/>\n2) Klient &#8211; osoba, kt\u00f3ra wyrazi\u0142a ch\u0119\u0107 skorzystania z us\u0142ugi prawnej on-line \u015bwiadczonej drog\u0105 elektroniczn\u0105 wype\u0142niaj\u0105c formularz kontaktowy zamieszczony na stronie internetowej b\u0105d\u017a przesy\u0142aj\u0105c zapytanie na adres e-mail Kancelarii,<br \/>\n3) us\u0142uga prawna on- line \u2013 w szczeg\u00f3lno\u015bci opinia prawna, odpowied\u017a na zadane przez Klienta pytanie prawne, porada prawna, projekt umowy, wz\u00f3r umowy, projekt pisma procesowego, regulamin \u015bwiadczenia us\u0142ug drog\u0105 elektroniczn\u0105 lub inny dokument zam\u00f3wiony przez Klienta drog\u0105 elektroniczn\u0105, sporz\u0105dzony przez Kancelari\u0119 na podstawie stanu faktycznego podanego przez Klienta;<br \/>\n4) umowa \u2013 umowa o \u015bwiadczenie us\u0142ug prawnych on &#8211; line, zawarta na warunkach okre\u015blonych w Regulaminie pomi\u0119dzy Klientem i Kancelari\u0105;<br \/>\n5) dzie\u0144 roboczy &#8211; dzie\u0144 powszedni z wy\u0142\u0105czeniem sob\u00f3t oraz dni ustawowo wolnych od pracy wed\u0142ug ustawy z dnia 18 stycznia 1951 r. o dniach wolnych od pracy (Dz. U. 2010.224.1459 \u2013 zm.)<br \/>\n6) zawarcie umowy &#8211; Umowa z Kancelari\u0105 zostaje zawarta z chwil\u0105 dokonania przez Klienta przelewu, po uprzednim z\u0142o\u017ceniu przez niego zapytania oraz akceptacji tre\u015bci niniejszego regulaminu<\/h6>\n<h6 style=\"text-align: center;\">\u00a72<\/h6>\n<h6 style=\"text-align: center;\">ZAWARCIE UMOWY<\/h6>\n<h6>Klient zawiera Umow\u0119 z Kancelari\u0105 przez zaakceptowanie Regulaminu i wyra\u017cenie zgody na warunki w nim zawarte oraz z\u0142o\u017cenie zlecenia na \u015bwiadczenie Us\u0142ug Prawnych poprzez wype\u0142nienie znajduj\u0105cego si\u0119 na stronie internetowej formularza kontaktowego albo przez przes\u0142anie zapytania na adres e-mail Kancelarii oraz zaakceptowanie oferty z\u0142o\u017conej przez Kancelari\u0119.<\/h6>\n<h6 style=\"text-align: center;\">\u00a7 3<\/h6>\n<h6 style=\"text-align: center;\">\u015aWIADCZENIE US\u0141UG PRAWNYCH ON &#8211; LINE<\/h6>\n<h6>1) Z us\u0142ug prawnych on &#8211; line mo\u017ce skorzysta\u0107 osoba, kt\u00f3ra wype\u0142ni\u0142a formularz kontaktowy zamieszczony na stronie internetowej Kancelarii i opisa\u0142a stan faktyczny sprawy albo przes\u0142a\u0142a stan faktyczny sprawy na e-mail kancelarii. Wysy\u0142aj\u0105c<br \/>\nformularz kontaktowy albo maila Klient akceptuje regulamin \u015bwiadczenia us\u0142ug prawnych on-line<br \/>\n2) Klient jest zobowi\u0105zany wskaza\u0107 wszystkie istotne okoliczno\u015bci faktyczne sprawy<br \/>\n3) Klient ma mo\u017cliwo\u015b\u0107 za\u0142\u0105czenia dokument\u00f3w dotycz\u0105ce stanu faktycznego sprawy do formularza kontaktowego<br \/>\n4) Kancelaria zastrzega sobie prawo do \u017c\u0105dania udzielenia dodatkowych wyja\u015bnie\u0144, w szczeg\u00f3lno\u015bci do udzielenia informacji b\u0105d\u017a przes\u0142ania zeskanowanych dokument\u00f3w. W razie potrzeby Kancelaria zastrzega sobie prawo do dodatkowego kontaktu z Klientem, drog\u0105 telefoniczn\u0105 lub za pomoc\u0105 poczty elektronicznej.<br \/>\n5) W ci\u0105gu 48 h (dotyczy tylko dni roboczych) od otrzymania przez Kancelari\u0119 zapytania zawieraj\u0105cego kompletne informacje i dokumenty, zostanie przes\u0142any do Klienta e- mail z informacj\u0105 o terminie i sposobie za\u0142atwienia sprawy oraz wysoko\u015bci wynagrodzenia za us\u0142ug\u0119 wraz ze wskazaniem numeru rachunku bankowego, na kt\u00f3ry nale\u017cy dokona\u0107 wp\u0142aty wynagrodzenia<br \/>\n6) Kancelaria mo\u017ce z\u0142o\u017cy\u0107 Klientowi o\u015bwiadczenie o odmowie podj\u0119cia si\u0119 przez Kancelari\u0119 wykonania us\u0142ugi bez uzasadnienia<br \/>\n7) Je\u017celi Klient akceptuje wycen\u0119 dokonuje wp\u0142aty honorarium na rachunek bankowy Kancelarii. Za moment zap\u0142aty uznaje si\u0119 chwil\u0119 wp\u0142yni\u0119cia honorarium na rachunek bankowy Kancelarii<br \/>\n8) Brak zap\u0142aty ca\u0142o\u015bci honorarium Kancelarii w um\u00f3wionym terminie, uznaje si\u0119 za odmow\u0119 przyj\u0119cia oferty Kancelarii przez Klienta. Kancelaria przestaje by\u0107 zwi\u0105zana z\u0142o\u017con\u0105 ofert\u0105.<br \/>\n9) <span style=\"font-weight: 400;\">Us\u0142uga\u00a0 Prawna On &#8211; line zostanie wykonana przez Kancelari\u0119 przy zachowaniu nale\u017cytej staranno\u015bci. <\/span><span style=\"font-weight: 400;\">Umowa jest umow\u0105 starannego dzia\u0142ania, nie za\u015b umow\u0105 rezultatu<\/span>,<br \/>\n10) Kancelaria nie ponosi odpowiedzialno\u015bci za nierzetelne, niedok\u0142adne, nieprawdziwe przedstawienie stanu faktycznego przez Klienta oraz nieprzedstawienie stosownych dokument\u00f3w istotnych dla \u015bwiadczenia us\u0142ugi prawnej on-line<br \/>\n11) Z\u0142o\u017cenie przez Us\u0142ugobiorc\u0119 dodatkowych zapyta\u0144 traktowane jest jako zlecenie wykonania odr\u0119bnej Us\u0142ugi Prawnej On &#8211; line.<br \/>\n12) Us\u0142uga prawna on-line \u015bwiadczona jest przez Kancelari\u0119 wy\u0142\u0105cznie w dni robocze.<\/h6>\n<h6 style=\"text-align: center;\">\u00a7 4<br \/>\nFAKTURA VAT<\/h6>\n<h6>1) Na <span style=\"font-weight: 400;\">\u017cyczenie Klienta Kancelaria wystawia faktur\u0119 VAT<\/span><br \/>\n2) <span style=\"font-weight: 400;\">Faktury VAT wystawiane i dostarczane s\u0105 w formie elektronicznej, na co Klient wyra\u017ca zgod\u0119<\/span><br \/>\n3) <span style=\"font-weight: 400;\">W \u017c\u0105daniu wystawienia faktury nale\u017cy poda\u0107: dane firmy: nazw\u0119, siedzib\u0119, NIP<\/span><\/h6>\n<h6 style=\"text-align: center;\">\u00a7 5<br \/>\nREKLAMACJE<\/h6>\n<h6 style=\"text-align: left;\">1. Klient ma prawo do z\u0142o\u017cenia reklamacji.<br \/>\n2. Reklamacj\u0119 nale\u017cy z\u0142o\u017cy\u0107 w formie pisemnej pod rygorem niewa\u017cno\u015bci (listem poleconym) na adres Kancelarii, w terminie 7 dni od dnia wykonania us\u0142ugi prawnej on &#8211; line.<br \/>\n3. Reklamacja zostanie rozpatrzona przez Kancelari\u0119 w terminie 14 dni roboczych od daty wp\u0142ywu reklamacji do Kancelarii.<\/h6>\n<h6 style=\"text-align: center;\">\u00a7 6<\/h6>\n<h6 style=\"text-align: center;\">OKRES OBOWI\u0104ZYWANIA UMOWY I JEJ ROZWI\u0104ZANIE<\/h6>\n<h6>Umowa pomi\u0119dzy Klientem i Kancelari\u0105 jest zawarta na czas wykonywania us\u0142ugi prawnej on &#8211; line. W przypadku ra\u017c\u0105cego naruszenia przez Kancelari\u0119 warunk\u00f3w Umowy, Us\u0142ugobiorca mo\u017ce Umow\u0119 wypowiedzie\u0107 ze skutkiem natychmiastowym, korzystaj\u0105c z formularza kontaktowego umieszczonego na stronie Kancelarii.<\/h6>\n<h6 style=\"text-align: center;\">\u00a7 7<br \/>\nPOUFNO\u015a\u0106<\/h6>\n<h6>Wszelkie dokumenty oraz przedstawione przez Us\u0142ugobiorc\u0119 okoliczno\u015bci faktyczne s\u0105 obj\u0119te tajemnic\u0105 adwokack\u0105, kt\u00f3rej Kancelaria zobowi\u0105zana jest przestrzega\u0107.<\/h6>\n<h6 style=\"text-align: center;\">\u00a7 8<\/h6>\n<h6 style=\"text-align: center;\">POSTANOWIENIA KO\u0143COWE<\/h6>\n<h6>1. W sprawach nie uregulowanych w niniejszym regulaminie zastosowanie maj\u0105 odpowiednie przepisy Kodeksu cywilnego oraz ustawy o \u015bwiadczeniu us\u0142ug drog\u0105 elektroniczn\u0105.<br \/>\n2. Kieruj\u0105c zapytanie ofertowe do Kancelarii Klient wyra\u017ca zgod\u0119 na przetwarzanie jego danych osobowych na potrzeby wykonania us\u0142ugi prawnej on &#8211; line, rozpoznania reklamacji oraz weryfikacji, czy istnieje konflikt <span style=\"font-weight: 400;\">interes\u00f3w<\/span> pomi\u0119dzy klientami Kancelarii.<\/h6>\n<p>[\/vc_column_text]\t<\/div>\n<\/div><\/div>[vc_empty_space height=&#8221;34px&#8221;]<div role=\"form\" class=\"wpcf7\" id=\"wpcf7-f898-o1\" lang=\"en-US\" dir=\"ltr\">\n<div class=\"screen-reader-response\"><p role=\"status\" aria-live=\"polite\" aria-atomic=\"true\"><\/p> <ul><\/ul><\/div>\n<form action=\"\/index.php?rest_route=%2Fwp%2Fv2%2Fpages%2F345#wpcf7-f898-o1\" method=\"post\" class=\"wpcf7-form init\" novalidate=\"novalidate\" data-status=\"init\">\n<div style=\"display: none;\">\n<input type=\"hidden\" name=\"_wpcf7\" value=\"898\" \/>\n<input type=\"hidden\" name=\"_wpcf7_version\" value=\"5.4.1\" \/>\n<input type=\"hidden\" name=\"_wpcf7_locale\" value=\"en_US\" \/>\n<input type=\"hidden\" name=\"_wpcf7_unit_tag\" value=\"wpcf7-f898-o1\" \/>\n<input type=\"hidden\" name=\"_wpcf7_container_post\" value=\"0\" \/>\n<input type=\"hidden\" name=\"_wpcf7_posted_data_hash\" value=\"\" \/>\n<input type=\"hidden\" name=\"_wpcf7_recaptcha_response\" value=\"\" \/>\n<\/div>\n<div class=\"mkdf-grid-row mkdf-grid-tiny-gutter\">\n<div class=\"mkdf-grid-col-6\">\n<span class=\"wpcf7-form-control-wrap imie\"><input type=\"text\" name=\"imie\" value=\"\" size=\"40\" class=\"wpcf7-form-control wpcf7-text wpcf7-validates-as-required\" aria-required=\"true\" aria-invalid=\"false\" placeholder=\"Imi\u0119 i nazwisko\" \/><\/span>\n<\/div>\n<div class=\"mkdf-grid-col-6\">\n<span class=\"wpcf7-form-control-wrap email\"><input type=\"email\" name=\"email\" value=\"\" size=\"40\" class=\"wpcf7-form-control wpcf7-text wpcf7-email wpcf7-validates-as-required wpcf7-validates-as-email\" aria-required=\"true\" aria-invalid=\"false\" placeholder=\"E-mail\" \/><\/span>\n<\/div>\n<div class=\"mkdf-grid-col-6\">\n<span class=\"wpcf7-form-control-wrap adres\"><input type=\"text\" name=\"adres\" value=\"\" size=\"40\" class=\"wpcf7-form-control wpcf7-text\" aria-invalid=\"false\" placeholder=\"Adres firmy (ulica, nr adresowy, kod, miejscowo\u015b\u0107)\" \/><\/span>\n<\/div>\n<div class=\"mkdf-grid-col-6\">\n<span class=\"wpcf7-form-control-wrap NIP\"><input type=\"text\" name=\"NIP\" value=\"\" size=\"40\" class=\"wpcf7-form-control wpcf7-text\" aria-invalid=\"false\" placeholder=\"NIP\" \/><\/span>\n<\/div>\n<div class=\"mkdf-grid-col-6\">\n<span class=\"wpcf7-form-control-wrap tel\"><input type=\"tel\" name=\"tel\" value=\"\" size=\"40\" class=\"wpcf7-form-control wpcf7-text wpcf7-tel wpcf7-validates-as-required wpcf7-validates-as-tel\" aria-required=\"true\" aria-invalid=\"false\" placeholder=\"Telefon\" \/><\/span>\n<\/div>\n<div class=\"mkdf-grid-col-6\">\n<span class=\"wpcf7-form-control-wrap Tytul\"><input type=\"text\" name=\"Tytul\" value=\"\" size=\"40\" class=\"wpcf7-form-control wpcf7-text\" aria-invalid=\"false\" placeholder=\"Tytu\u0142\" \/><\/span>\n<\/div>\n<\/div>\n<p><span class=\"wpcf7-form-control-wrap your-message\"><textarea name=\"your-message\" cols=\"40\" rows=\"10\" class=\"wpcf7-form-control wpcf7-textarea wpcf7-validates-as-required\" aria-required=\"true\" aria-invalid=\"false\" placeholder=\"Opis sprawy...\"><\/textarea><\/span><br \/>\n<span class=\"wpcf7-form-control-wrap file-413\"><input type=\"file\" size=\"40\" class=\"wpcf7-form-control wpcf7-drag-n-drop-file d-none\" aria-invalid=\"false\" multiple=\"multiple\" data-name=\"file-413\" data-limit=\"20971520\" data-max=\"5\" data-id=\"898\" accept=\".\" \/><\/span><br \/>\n<small><b>Administratorem danych osobowych jest Adwokat Justyna Kozio\u0142 prowadz\u0105ca dzia\u0142alno\u015b\u0107 gospodarcz\u0105 pod nazw\u0105 Kancelaria Adwokacka Justyna Kozio\u0142 adres: ul. Bz\u00f3w 7A, 40-410 Katowice, NIP 253 019 11 15, numer telefonu (+48)791 844 288, adres e-mail kancelaria@adwokat-justynakoziol.pl Dane osobowe b\u0119d\u0105 przetwarzane w zakresie niezb\u0119dnym do odpowiedzi na zadane pytanie, realizacji us\u0142ug \u015bwiadczenia pomocy prawnej, prowadzenia korespondencji e-mailowej lub telefonicznej oraz w celach z niej wynikaj\u0105cych. Podanie danych jest dobrowolne, ale niezb\u0119dne do przetworzenia zg\u0142oszenia. Szczeg\u00f3\u0142y zwi\u0105zane z przetwarzaniem danych znajduj\u0105 si\u0119 w <a href=\"https:\/\/adwokat-justynakoziol.pl\/?page_id=3673\"target=\"_blank\">zasadzie bezpiecze\u0144stwa i polityce prywatno\u015bci<\/a> oraz <a href=\"https:\/\/adwokat-justynakoziol.pl\/?page_id=3668\"target=\"_blank\">klauzuli informacyjnej (RODO)<\/a><\/b><\/small><br><br \/>\n<span class=\"wpcf7-form-control-wrap acceptance-383\"><span class=\"wpcf7-form-control wpcf7-acceptance\"><span class=\"wpcf7-list-item\"><label><input type=\"checkbox\" name=\"acceptance-383\" value=\"1\" aria-invalid=\"false\" \/><span class=\"wpcf7-list-item-label\">O\u015bwiadczam, \u017ce zapozna\u0142em\/am si\u0119 z <a href=\"https:\/\/adwokat-justynakoziol.pl\/?page_id=3678\"target=\"_blank\">regulaminem us\u0142ug prawnych on-line<\/a> i akceptuj\u0119 jego tre\u015b\u0107<\/span><\/label><\/span><\/span><\/span><br \/>\n<span class=\"wpcf7-form-control-wrap acceptance-203\"><span class=\"wpcf7-form-control wpcf7-acceptance\"><span class=\"wpcf7-list-item\"><label><input type=\"checkbox\" name=\"acceptance-203\" value=\"1\" aria-invalid=\"false\" \/><span class=\"wpcf7-list-item-label\">Wyra\u017cam zgod\u0119 na przetwarzanie moich danych osobowych zgodnie z Rozporz\u0105dzeniem o ochronie danych osobowych (RODO) w zwi\u0105zku z realizacj\u0105 zg\u0142oszenia. Zosta\u0142em\/am poinformowany\/a, \u017ce przys\u0142uguje mi prawo dost\u0119pu do swoich danych, mo\u017cliwo\u015bci ich poprawiania, \u017c\u0105dania zaprzestania ich przetwarzania<\/span><\/label><\/span><\/span><\/span><br \/>\n<input type=\"submit\" value=\"Wy\u015blij\" class=\"wpcf7-form-control wpcf7-submit\" \/><\/p>\n<div class=\"wpcf7-response-output\" aria-hidden=\"true\"><\/div><\/form><\/div>[vc_empty_space height=&#8221;34px&#8221;][\/vc_column][\/vc_row][vc_row][vc_column][\/vc_column][\/vc_row]<\/p>\n","protected":false},"excerpt":{"rendered":"<p>[vc_row row_content_width=&#8221;grid&#8221; disable_background_image=&#8221;&#8221; simple_background_image=&#8221;2779&#8243; css=&#8221;.vc_custom_1539868674244{padding-top: 115px !important;padding-bottom: 130px !important;background-position: center !important;background-repeat: no-repeat !important;background-size: cover !important;}&#8221;][vc_column][vc_empty_space height=&#8221;34px&#8221;][vc_empty_space height=&#8221;34px&#8221;][\/vc_column][\/vc_row][vc_row][vc_column][\/vc_column][\/vc_row]<\/p>\n","protected":false},"author":1,"featured_media":0,"parent":0,"menu_order":0,"comment_status":"closed","ping_status":"closed","template":"full-width.php","meta":{"footnotes":""},"class_list":["post-345","page","type-page","status-publish","hentry"],"_links":{"self":[{"href":"https:\/\/adwokat-justynakoziol.pl\/index.php?rest_route=\/wp\/v2\/pages\/345","targetHints":{"allow":["GET"]}}],"collection":[{"href":"https:\/\/adwokat-justynakoziol.pl\/index.php?rest_route=\/wp\/v2\/pages"}],"about":[{"href":"https:\/\/adwokat-justynakoziol.pl\/index.php?rest_route=\/wp\/v2\/types\/page"}],"author":[{"embeddable":true,"href":"https:\/\/adwokat-justynakoziol.pl\/index.php?rest_route=\/wp\/v2\/users\/1"}],"replies":[{"embeddable":true,"href":"https:\/\/adwokat-justynakoziol.pl\/index.php?rest_route=%2Fwp%2Fv2%2Fcomments&post=345"}],"version-history":[{"count":10,"href":"https:\/\/adwokat-justynakoziol.pl\/index.php?rest_route=\/wp\/v2\/pages\/345\/revisions"}],"predecessor-version":[{"id":3764,"href":"https:\/\/adwokat-justynakoziol.pl\/index.php?rest_route=\/wp\/v2\/pages\/345\/revisions\/3764"}],"wp:attachment":[{"href":"https:\/\/adwokat-justynakoziol.pl\/index.php?rest_route=%2Fwp%2Fv2%2Fmedia&parent=345"}],"curies":[{"name":"wp","href":"https:\/\/api.w.org\/{rel}","templated":true}]}}