{"id":3668,"date":"2018-09-25T13:38:07","date_gmt":"2018-09-25T11:38:07","guid":{"rendered":"https:\/\/adwokat-justynakoziol.pl\/?page_id=3668"},"modified":"2021-06-09T02:00:45","modified_gmt":"2021-06-09T00:00:45","slug":"about-us-2-2","status":"publish","type":"page","link":"https:\/\/adwokat-justynakoziol.pl\/?page_id=3668","title":{"rendered":"RODO"},"content":{"rendered":"<p>[vc_row row_content_width=&#8221;grid&#8221; disable_background_image=&#8221;&#8221; simple_background_image=&#8221;2779&#8243; css=&#8221;.vc_custom_1539868674244{padding-top: 115px !important;padding-bottom: 130px !important;background-position: center !important;background-repeat: no-repeat !important;background-size: cover !important;}&#8221;][vc_column]<div class=\"mkdf-accordion-holder mkdf-ac-default  mkdf-accordion mkdf-ac-boxed  clearfix\">\n\t<h5 class=\"mkdf-accordion-title\">\n    <span class=\"mkdf-accordion-mark\">\n\t\t<span class=\"mkdf_icon_plus icon_plus\"><\/span>\n\t\t<span class=\"mkdf_icon_minus icon_minus-06\"><\/span>\n\t<\/span>\n\t<span class=\"mkdf-tab-title\">RODO<\/span>\n<\/h5>\n<div class=\"mkdf-accordion-content\">\n\t<div class=\"mkdf-accordion-content-inner\">\n\t\t[vc_column_text]<\/p>\n<pre class=\"skladnia\"><\/pre>\n<p style=\"text-align: center;\"><strong>Klauzula informacyjna<\/strong><\/p>\n<p>&nbsp;<\/p>\n<p>Zgodnie z art. 13 ust. 1 i 2 Rozporz\u0105dzenia Parlamentu Europejskiego i Rady (UE) 2016\/679 z dnia 27 kwietnia 2016 r. w sprawie ochrony os\u00f3b fizycznych w zwi\u0105zku z przetwarzaniem danych osobowych i w sprawie swobodnego przep\u0142ywu takich danych oraz uchylenia dyrektywy 95\/46\/WE (og\u00f3lne rozporz\u0105dzenie o ochronie danych), tzw. RODO informujemy, \u017ce:<\/p>\n<p style=\"padding-left: 40px;\"><strong>I. Administrator danych:<\/strong><\/p>\n<p>Administratorem danych osobowych jest Adwokat Justyna Kozio\u0142 prowadz\u0105ca dzia\u0142alno\u015b\u0107 gospodarcz\u0105 Kancelaria Adwokacka Justyna Kozio\u0142 adres, NIP 253 019 11 15, numer telefonu (+48)791 844 288, adres e-mail kancelaria@adwokat-justynakoziol.pl<\/p>\n<p style=\"padding-left: 40px;\"><strong>II. Cele przetwarzania danych osobowych:<\/strong><\/p>\n<p>Przetwarzanie danych osobowych odbywa si\u0119 wy\u0142\u0105cznie w celu wykonywania czynno\u015bci adwokackich, \u015bwiadczenia us\u0142ug doradczych oraz\u00a0 ewentualnie przesy\u0142ania newslettera<\/p>\n<p style=\"padding-left: 40px;\"><strong>III. Podstawa prawna przetwarzania danych osobowych:<\/strong><\/p>\n<p><strong>\u00a0<\/strong>Dane osobowe s\u0105 przetwarzane na podstawie art. 6 ust 1 lit. b, c, f RODO:<\/p>\n<ul>\n<li>przetwarzanie jest niezb\u0119dne do wykonania umowy, kt\u00f3rej stron\u0105 jest osoba, kt\u00f3rej dane dotycz\u0105, lub do podj\u0119cia dzia\u0142a\u0144 na \u017c\u0105danie osoby, kt\u00f3rej dane dotycz\u0105, przed zawarciem umowy;<\/li>\n<li>przetwarzanie jest niezb\u0119dne do wype\u0142nienia obowi\u0105zku prawnego ci\u0105\u017c\u0105cego na administratorze, w szczeg\u00f3lno\u015bci w zakresie obowi\u0105zk\u00f3w podatkowych i ksi\u0119gowych;<\/li>\n<li>w celach windykacyjnych jako realizacja prawnie uzasadnionego interesu administratora;<\/li>\n<li>w celu prowadzenia korespondencji, w tym tak\u017ce elektronicznej jako realizacja prawnie uzasadnionego interesu administratora.<\/li>\n<\/ul>\n<p style=\"padding-left: 40px;\"><strong>IV. <\/strong><strong>Odbiorcy danych osobowych:<\/strong><\/p>\n<p>Dost\u0119p do danych osobowych maj\u0105 jedynie upowa\u017cnieni pracownicy \/ wsp\u00f3\u0142pracownicy \/ podwykonawcy w celu realizacji swoich obowi\u0105zk\u00f3w s\u0142u\u017cbowych, a tak\u017ce podmioty \u015bwiadcz\u0105ce us\u0142ugi informatyczne, ksi\u0119gowe, hostingowe oraz w zakresie \u015bwiadczenia us\u0142ug zwi\u0105zanych z utrzymaniem poczty elektronicznej. Odbiorcami danych mog\u0105 by\u0107: Naczelna Rada Adwokacka, Ministerstwo Sprawiedliwo\u015bci ubezpieczyciel w zakresie niezb\u0119dnym do obj\u0119cia obowi\u0105zkowym ubezpieczeniem odpowiedzialno\u015bci cywilnej adwokat\u00f3w, s\u0105dy powszechne i s\u0105dy administracyjne, inne podmioty, kt\u00f3rym Administrator powierzy przetwarzanie danych osobowych na podstawie stosownej umowy<\/p>\n<p style=\"padding-left: 40px;\"><strong>V. <\/strong><strong>Przekazywanie danych osobowych do pa\u0144stwa trzecich lub organizacji mi\u0119dzynarodowych:<\/strong><\/p>\n<p>Dane osobowe nie s\u0105 przekazywane do pa\u0144stwa trzeciego lub organizacji mi\u0119dzynarodowych.<\/p>\n<p style=\"padding-left: 40px;\"><strong>VI. Okres przechowywania danych osobowych:<\/strong><\/p>\n<p><strong>\u00a0<\/strong>Dane osobowe b\u0119d\u0105 przetwarzane przez 10 lat od ko\u0144ca roku, w kt\u00f3rym zako\u0144czy\u0142o si\u0119 post\u0119powanie, w kt\u00f3rym dane osobowe zosta\u0142y zgromadzone w zakresie danych przetwarzanych w ramach wykonywania zawodu adwokata.<\/p>\n<p>W pozosta\u0142ych przypadkach dane osobowe b\u0119d\u0105 przetwarzane tak d\u0142ugo, jak wymagaj\u0105 tego odpowiednie przepisy prawa, w szczeg\u00f3lno\u015bci podatkowe i rachunkowe oraz tak d\u0142ugo jak jest to niezb\u0119dne do ustalenia, dochodzenia lub obrony roszcze\u0144.<\/p>\n<p>Dane osobowe przetwarzane na podstawie Pani \/ Pana zgody (art. 6 ust. 1 lit. a RODO) przetwarzane b\u0119d\u0105 do czasu cofni\u0119cia zgody, a przetwarzane w celu przesy\u0142ania newslettera &#8211; przez okres subskrypcji newslettera.<\/p>\n<p style=\"padding-left: 40px;\"><strong>VII. Prawa osoby, kt\u00f3rej dane dotycz\u0105:<\/strong><\/p>\n<p><strong>\u00a0<\/strong>Przys\u0142uguje Pa\u0144stwu prawo do:<\/p>\n<ul>\n<li>dost\u0119pu do danych osobowych, o ile jego realizacja nie narusza obowi\u0105zku zachowania tajemnicy przez adwokata (art. 15 ust. 1 RODO),<\/li>\n<li>otrzymania kopii danych osobowych, o ile jego realizacja nie narusza obowi\u0105zku zachowania tajemnicy przez adwokata (art. 15 ust. 3 RODO),<\/li>\n<li>sprostowania lub uaktualnienia danych osobowych (art. 16 RODO),<\/li>\n<li>usuni\u0119cia danych osobowych \u2013 je\u017celi Pa\u0144stwa zdaniem nie ma podstaw do tego, aby Administrator przetwarza\u0142 Pa\u0144stwa dane, mo\u017cecie Pa\u0144stwo \u017c\u0105da\u0107 aby Administrator je usun\u0105\u0142 za wyj\u0105tkiem sytuacji, w kt\u00f3rych obowi\u0105zek przetwarzania danych osobowych wynika z przepisu prawa lub przetwarzanie danych jest niezb\u0119dne do dochodzenia, ustalenia lub obrony roszcze\u0144 (art. 17 RODO),<\/li>\n<li>ograniczenia przetwarzania danych osobowych, o ile jego realizacja nie narusza obowi\u0105zku zachowania tajemnicy przez adwokata (art. 18 RODO),<\/li>\n<li>przenoszenia swoich danych osobowych, tj. do otrzymania od Administratora informacji o przetwarzanych danych osobowych, w ustrukturyzowanym, powszechnie u\u017cywanym formacie nadaj\u0105cym si\u0119 do odczytu maszynowego wy\u0142\u0105cznie w zakresie, w jakim dane osobowe s\u0105 przetwarzane w celu zawarcia i wykonywania umowy i s\u0105 przetwarzane w spos\u00f3b zautomatyzowany (art. 20 RODO),<\/li>\n<li>wniesienia skargi do Prezesa Urz\u0119du Ochrony Danych Osobowych, gdy uznaj\u0105 Pa\u0144stwo, i\u017c przetwarzanie Pani\/Pana danych osobowych narusza przepisy RODO.<\/li>\n<li>W przypadku, gdy podstaw\u0105 przetwarzania danych osobowych jest prawnie uzasadniony interes administratora, przys\u0142uguje prawo do wniesienia sprzeciwu wobec przetwarzania danych osobowych (art. 21 RODO) za wyj\u0105tkiem danych osobowych pozyskanych przez administratora w zwi\u0105zku z udzielaniem pomocy prawnej<\/li>\n<li>W przypadku przetwarzania danych osobowych na podstawie Pani\/Pana zgody, przys\u0142uguje Pani \/ Panu prawo do cofni\u0119cia zgody na przetwarzanie danych osobowych w dowolnym momencie, jednak\u017ce cofni\u0119cie zgody nie wp\u0142ywa na zgodno\u015b\u0107 z prawem przetwarzania, kt\u00f3rego dokonano na podstawie zgody przed jej cofni\u0119ciem.<\/li>\n<\/ul>\n<p>W celu skorzystania z przys\u0142uguj\u0105cych praw, nale\u017cy kontaktowa\u0107 si\u0119 z administratorem pod adresem: e-mail kancelaria@adwokat-justynakoziol.pl, telefonicznie pod numerem (+48)791 844\u00a0288 lub listownie na adres siedziby wskazany w punkcie I.<\/p>\n<p style=\"padding-left: 40px;\"><strong>VIII. Informacja o obowi\u0105zku podania danych osobowych i skutkach ich niepodania:<\/strong><\/p>\n<p><strong>\u00a0<\/strong>Podanie danych osobowych jest dobrowolne w celu zawarcia i wykonania umowy oraz w celu realizacji prawnie uzasadnione interesu administratora.<\/p>\n<p>W pozosta\u0142ych przypadkach podanie danych jest obowi\u0105zkowe, w szczeg\u00f3lno\u015bci gdy wymaga tego spe\u0142nienie obowi\u0105zku prawnego ci\u0105\u017c\u0105cego na administratorze.<\/p>\n<p style=\"padding-left: 40px;\"><strong>IX. Profilowanie:<\/strong><\/p>\n<p><strong>\u00a0<\/strong>Dane osobowe nie s\u0105 wykorzystywane w celu zautomatyzowanego podejmowania decyzji, w tym profilowania.<\/p>\n<p>[\/vc_column_text]\t<\/div>\n<\/div><\/div>[vc_empty_space height=&#8221;34px&#8221;][\/vc_column][\/vc_row][vc_row][vc_column][\/vc_column][\/vc_row]<\/p>\n","protected":false},"excerpt":{"rendered":"<p>[vc_row row_content_width=&#8221;grid&#8221; disable_background_image=&#8221;&#8221; simple_background_image=&#8221;2779&#8243; css=&#8221;.vc_custom_1539868674244{padding-top: 115px !important;padding-bottom: 130px !important;background-position: center !important;background-repeat: no-repeat !important;background-size: cover !important;}&#8221;][vc_column][vc_empty_space height=&#8221;34px&#8221;][\/vc_column][\/vc_row][vc_row][vc_column][\/vc_column][\/vc_row]<\/p>\n","protected":false},"author":1,"featured_media":0,"parent":0,"menu_order":0,"comment_status":"closed","ping_status":"closed","template":"full-width.php","meta":{"footnotes":""},"class_list":["post-3668","page","type-page","status-publish","hentry"],"_links":{"self":[{"href":"https:\/\/adwokat-justynakoziol.pl\/index.php?rest_route=\/wp\/v2\/pages\/3668","targetHints":{"allow":["GET"]}}],"collection":[{"href":"https:\/\/adwokat-justynakoziol.pl\/index.php?rest_route=\/wp\/v2\/pages"}],"about":[{"href":"https:\/\/adwokat-justynakoziol.pl\/index.php?rest_route=\/wp\/v2\/types\/page"}],"author":[{"embeddable":true,"href":"https:\/\/adwokat-justynakoziol.pl\/index.php?rest_route=\/wp\/v2\/users\/1"}],"replies":[{"embeddable":true,"href":"https:\/\/adwokat-justynakoziol.pl\/index.php?rest_route=%2Fwp%2Fv2%2Fcomments&post=3668"}],"version-history":[{"count":6,"href":"https:\/\/adwokat-justynakoziol.pl\/index.php?rest_route=\/wp\/v2\/pages\/3668\/revisions"}],"predecessor-version":[{"id":3684,"href":"https:\/\/adwokat-justynakoziol.pl\/index.php?rest_route=\/wp\/v2\/pages\/3668\/revisions\/3684"}],"wp:attachment":[{"href":"https:\/\/adwokat-justynakoziol.pl\/index.php?rest_route=%2Fwp%2Fv2%2Fmedia&parent=3668"}],"curies":[{"name":"wp","href":"https:\/\/api.w.org\/{rel}","templated":true}]}}