{"id":3673,"date":"2018-09-25T13:38:07","date_gmt":"2018-09-25T11:38:07","guid":{"rendered":"https:\/\/adwokat-justynakoziol.pl\/?page_id=3673"},"modified":"2021-06-09T01:57:07","modified_gmt":"2021-06-08T23:57:07","slug":"about-us-2-2-2","status":"publish","type":"page","link":"https:\/\/adwokat-justynakoziol.pl\/?page_id=3673","title":{"rendered":"Polityka prywatno\u015bci"},"content":{"rendered":"<p>[vc_row row_content_width=&#8221;grid&#8221; disable_background_image=&#8221;&#8221; simple_background_image=&#8221;2779&#8243; css=&#8221;.vc_custom_1539868674244{padding-top: 115px !important;padding-bottom: 130px !important;background-position: center !important;background-repeat: no-repeat !important;background-size: cover !important;}&#8221;][vc_column]<div class=\"mkdf-accordion-holder mkdf-ac-default  mkdf-accordion mkdf-ac-boxed  clearfix\">\n\t<h5 class=\"mkdf-accordion-title\">\n    <span class=\"mkdf-accordion-mark\">\n\t\t<span class=\"mkdf_icon_plus icon_plus\"><\/span>\n\t\t<span class=\"mkdf_icon_minus icon_minus-06\"><\/span>\n\t<\/span>\n\t<span class=\"mkdf-tab-title\">Polityka prywatnosci<\/span>\n<\/h5>\n<div class=\"mkdf-accordion-content\">\n\t<div class=\"mkdf-accordion-content-inner\">\n\t\t[vc_column_text]<\/p>\n<p style=\"text-align: center;\"><strong>ZASADY<\/strong><br \/>\n<strong>BEZPIECZE\u0143STWA PRZETWARZANIA DANYCH OSOBOWYCH ORAZ POLITYKA OCHRONY DANYCH OSOBOWYCH W KANCELARII ADWOKACKIE<\/strong>J<\/p>\n<p>1) Niniejsze zasady bezpiecze\u0144stwa przetwarzania danych osobowych oraz polityk\u0119 ochrony danych osobowych w kancelarii adwokackiej przyjmuje si\u0119 w celu zapewnienia przetwarzania danych osobowych przez adwokata w spos\u00f3b zgodny z przepisami prawa, w szczeg\u00f3lno\u015bci przepisami Rozporz\u0105dzenia Parlamentu Europejskiego i Rady (UE) 2016\/679 z dnia 27.04.2016 roku w sprawie ochrony os\u00f3b fizycznych w zwi\u0105zku z przetwarzaniem danych osobowych i w sprawie swobodnego przep\u0142ywu takich danych oraz uchylenia dyrektywy 95\/46\/WE (RODO).<br \/>\n2) Adwokat Justyna Kozio\u0142 prowadzi dzia\u0142alno\u015b\u0107 gospodarcz\u0105 pod nazw\u0105 Kancelaria Adwokacka Justyna Kozio\u0142 adres ul. Bz\u00f3w 7A, 40-410 Katowice NIP 253-019-11-15, tel. (+48) 791 844 288, adres e-mail kancelaria@adwokat-justynakoziol.pl.<br \/>\n3) Zaw\u00f3d adwokata polega na \u015bwiadczeniu pomocy prawnej, a w szczeg\u00f3lno\u015bci na:<br \/>\na) udzielaniu porad prawnych,<br \/>\nb) sporz\u0105dzaniu opinii prawnych,<br \/>\nc) opracowywaniu projekt\u00f3w akt\u00f3w prawnych oraz wyst\u0119powaniu przez s\u0105dami i urz\u0119dami (co wynika z tre\u015bci art. 4 ust 1 ustawy z dnia 26.05.1982 roku Prawo o Adwokaturze) w celu wykonania powy\u017cszego obowi\u0105zku czyli wykonywania zawodu, Adwokat przetwarza dane osobowe klienta oraz os\u00f3b trzecich.<br \/>\n4) Adwokat obowi\u0105zany jest zachowa\u0107 w tajemnicy wszystko o czym dowiedzia\u0142 si\u0119 w zwi\u0105zku z udzielaniem pomocy prawnej (co wynika z art. 6 ust.1 ustawy z dnia 26.05.1982 roku Prawo o Adwokaturze) wobec czego przepisy wskazanego wy\u017cej rozporz\u0105dzenia RODO stosuje si\u0119 w zakresie w jakim nie naruszaj\u0105 one wskazanego obowi\u0105zku zachowania przez adwokata tajemnicy.<br \/>\n5) Dane osobowe klienta oraz dane osobowe os\u00f3b trzecich przekazane Adwokatowi przez klienta s\u0105 przetwarzane w konkretnych, wyra\u017anych, prawnie uzasadnionych celach, kt\u00f3rymi s\u0105:<br \/>\na) wnoszenie pism i kontakt z organami instytucjami, stronami przeciwnych lub ich pe\u0142nomocnikami z zachowaniem warunk\u00f3w formalnych wynikaj\u0105cych w przepis\u00f3w prawa,<br \/>\nb) utrzymywanie bie\u017c\u0105cego kontaktu z klientem,<br \/>\nc) wywi\u0105zywanie si\u0119 przez adwokata z obowi\u0105zk\u00f3w podatkowych, prowadzenie ewidencji spraw w kancelarii jak te\u017c ewidencji rozlicze\u0144 z klientem. Przes\u0142ankami przetwarzania danych osobowych przez adwokata s\u0105:<br \/>\n&#8211; niezb\u0119dno\u015b\u0107 przetwarzania danych w celu wykonania umowy o \u015bwiadczenie pomocy prawnej i podejmowanie dzia\u0142a\u0144 na \u017c\u0105dnie klienta,<br \/>\n&#8211; konieczno\u015b\u0107 wype\u0142niania obowi\u0105zk\u00f3w prawnych ci\u0105\u017c\u0105cych na adwokacie,<br \/>\n&#8211; prawnie usprawiedliwiony interes wyra\u017caj\u0105cy si\u0119 dzia\u0142aniach podejmowanych w celu dochodzenia lub obrony praw.<br \/>\n6) W przypadku konieczno\u015bci ujawnienia adwokatowi danych sensytywnych czyli wra\u017cliwych takich jak informacje dotycz\u0105ce pochodzenia rasowego, etnicznego, pogl\u0105d\u00f3w politycznych, przekona\u0144 religijnych lub \u015bwiatopogl\u0105dowych i przynale\u017cno\u015bci do zwi\u0105zk\u00f3w zawodowych, danych genetycznych, biometrycznych, dotycz\u0105cych zdrowia, seksualno\u015bci, orientacji seksualnej, klienta lub osoby trzeciej, dane s\u0105 to przetwarzane je\u017celi tylko w\u00f3wczas je\u017celi jest to niezb\u0119dne do ustalenia, dochodzenia, obrony roszcze\u0144 w post\u0119powaniu s\u0105dowym lub administracyjnym lub innym post\u0119powaniu pozas\u0105dowym. Nadto wykonywanie zawodu adwokata odbywa si\u0119 w interesie publicznym, co uprawnia Adwokata do przetwarzania tego typu danych.<br \/>\n7) Adwokat przetwarza tylko dane niezb\u0119dne.<br \/>\n8) Odbiorcami danych osobowych mog\u0105 by\u0107:<br \/>\na) wszelkie organy i instytucje jak r\u00f3wnie\u017c osoby trzecie, do kt\u00f3rych adwokat zwraca si\u0119 w zwi\u0105zku z konieczno\u015bci\u0105 prawid\u0142owego wykonywania zawodu adwokata lub zawartej z klientem umowy,<br \/>\nb) pe\u0142nomocnicy substytucyjni,<br \/>\nc) odbiorc\u0105 danych osobowych klienta jest tak\u017ce zewn\u0119trzne biuro rachunkowe, z kt\u00f3rym Adwokat posiada zawart\u0105 umow\u0119 powierzenia przetwarzania danych osobowych Klient\u00f3w jego kancelarii,<br \/>\nd) hostingodawca, w zakresie przechowywania danych osobowych na serwerze,<br \/>\ne) dostawca systemu do fakturowania \u2013 w zakresie danych osobowych niezb\u0119dnych do wystawienia faktury,<br \/>\nf) obs\u0142uga IT w zakresie obs\u0142ugi informatycznej,<br \/>\ng) podwykonawcy \u2013 w zakresie \u015bwiadczonych us\u0142ug<br \/>\n9) W przypadku przetwarzania danych osobowych istnieje prawo do:<br \/>\na) \u017c\u0105dania przez osob\u0119, kt\u00f3rej dane dotycz\u0105 od adwokata dost\u0119pu do danych osobowych,<br \/>\nb) prawo do sprostowania, usuni\u0119cia, ograniczenia przetwarzania danych osobowych,<br \/>\nc) prawo przenoszenia danych,<br \/>\nd) prawo wniesienia skargi do organu nadzorczego.<br \/>\nJednocze\u015bnie nie przys\u0142uguje prawo wniesienia sprzeciwu wobec przetwarzania danych osobowych jej dotycz\u0105cych (co wynika z art. 16a ust 2. ustawy z dnia 26.05.1982 roku Prawo o Adwokaturze).<br \/>\ne) Dane osobowe s\u0105 przetwarzane w spos\u00f3b zautomatyzowany oraz niezautomatyzowany tj. zar\u00f3wno poprzez ich przetwarzanie przy wykorzystaniu komputera, telefonu i Sieci Internet oraz poczty elektronicznej adwokata jak te\u017c poprzez prowadzenie dokumentacji w formie tradycyjnej, papierowej, w szczeg\u00f3lno\u015bci akt podr\u0119cznych sprawy. Przetwarzanie danych osobowych to ka\u017cda czynno\u015b\u0107 dotycz\u0105ca tych danych jak w szczeg\u00f3lno\u015bci: zbieranie, utrwalanie, organizowanie, porz\u0105dkowanie, przechowywanie, adaptowanie, modyfikowanie, pobieranie, przegl\u0105danie, wykorzystywanie, ujawnienie poprzez przes\u0142anie, rozpowszechnienie lub innego rodzaju udost\u0119pnienie, dopasowywanie lub \u0142\u0105czenie, ograniczanie, usuwanie, niszczenie.<br \/>\nf) Adwokat podejmuje czynno\u015bci celem niedopuszczenia do ujawnienia lub udost\u0119pnienia danych osobowych osobom nieuprawnionym, chroni je niedozwolonym lub niezgodnym z prawem przetwarzaniem, przypadkow\u0105 utrat\u0105, uszkodzeniem, zniszczeniem poprzez:<br \/>\n1) zabezpieczenie elektronicznych no\u015bnik\u00f3w, zbior\u00f3w danych, skrzynki e-mail has\u0142ami,<br \/>\n2) przechowywanie danych osobowych maj\u0105cych form\u0119 papierow\u0105 w szafie pancernej,<br \/>\n3) tworzenie kopii zapasowych,<br \/>\n4) korzystanie z oprogramowania antywirusowego,<br \/>\n5) zawarcie umowy powierzenia przetwarzania danych osobowych,<br \/>\n6) wprowadzenie zasad i polityki bezpiecze\u0144stwa ochrony danych osobowych,<br \/>\n7) prowadzenie rejestru czynno\u015bci przetwarzania danych osobowych.<br \/>\n8) prowadzenie rejestru narusze\u0144 ochrony danych osobowych.<br \/>\ng) Istnieje mo\u017cliwo\u015b\u0107 zwr\u00f3cenia si\u0119 do Adwokata o wyja\u015bnienie zagadnie\u0144 dotycz\u0105cych ochrony jego danych osobowych w przypadku, gdyby niniejsze informacja okaza\u0142a si\u0119 dla niego niepe\u0142na lub niejasna<br \/>\nh) Dane osobowe s\u0105 przetwarzane:<br \/>\n1) rzetelnie i w spos\u00f3b zgodny z prawem,<br \/>\n2) w spos\u00f3b zapewniaj\u0105cy zrozumienie dla osoby, kt\u00f3rej dane dotycz\u0105,<br \/>\n3) w konkretnych i prawnie zasadnych celach i w spos\u00f3b ograniczony tak co do konieczno\u015bci przetwarzania tych danych jak i czasu tego przetwarzania,<br \/>\n4) w spos\u00f3b umo\u017cliwiaj\u0105cy sprostowanie ewentualnych b\u0142\u0119d\u00f3w lub wprowadzenie uzupe\u0142nie\u0144 danych niezupe\u0142nych,<br \/>\n5) w spos\u00f3b zapewniaj\u0105cy ich bezpiecze\u0144stwo.<br \/>\ni) Celem wywi\u0105zania si\u0119 z zasady koniecznego czasu przetwarzania danych administrator raz z miesi\u0105cu weryfikuje rejestr czynno\u015bci przetwarzania danych celem usuwania danych w zwi\u0105zku z up\u0142ywem okresu ich dopuszczalnego przetwarzania.<br \/>\nj) Za naruszenia danych osobowych uwa\u017ca si\u0119 ich ujawnienie lub udost\u0119pnienie osobom nieuprawnionym, niedozwolone lub niezgodne z prawem przetwarzaniem, przypadkow\u0105 utrat\u0119, uszkodzenie, zniszczenie.<br \/>\n1) w przypadku wyst\u0105pienia takiego naruszenia adwokat zg\u0142asza ten fakt bez zb\u0119dnej zw\u0142oki nie p\u00f3\u017aniej ni\u017c w terminie 72 godzin od jego stwierdzenia organowi nadzorczemu, chyba \u017ce jest ma\u0142o prawdopodobne by naruszenie takie skutkowa\u0142o rzeczywistym naruszenia wolno\u015bci lub praw osoby fizycznej,<br \/>\n2) je\u015bli ryzyko, o kt\u00f3rym mowa wy\u017cej jest wysokie nale\u017cy niezw\u0142ocznie zawiadomi\u0107 osob\u0119, kt\u00f3rej dane dotycz\u0105, chyba \u017ce przepisy RODO wy\u0142\u0105czaj\u0105 tak\u0105 konieczno\u015b\u0107.<br \/>\n3) w przypadku naruszenia danych osobowych nale\u017cy uzupe\u0142ni\u0107 prowadzony rejestr narusze\u0144 ochrony danych osobowych.<br \/>\nk) Dane osobowe s\u0105 przetwarzane przez adwokata:<br \/>\na) na komputerze zabezpieczonym has\u0142em,<br \/>\nb) na telefonie kom\u00f3rkowym zabezpieczonym has\u0142em,<br \/>\nc) w formie papierowej, w szczeg\u00f3lno\u015bci akt podr\u0119cznych przechowywanych w szafie pancernej.<br \/>\nl) Adwokat uniemo\u017cliwia przebywanie w siedzibie kancelarii jakimkolwiek osobom postronnym bez swojej obecno\u015bci, w szczeg\u00f3lno\u015bci w miejscu znajdowania si\u0119 instrument\u00f3w i urz\u0105dze\u0144, o kt\u00f3rych mowa w pkt.16<br \/>\nm) Adwokat nie pozostawia mo\u017cliwo\u015bci dost\u0119pu do urz\u0105dze\u0144 i szafy wymienionych w pkt 16 gdy opuszcza siedzib\u0119 kancelarii, kt\u00f3ra nadto jest zamykana, za\u015b budynek w kt\u00f3rym znajduje si\u0119 siedziba Kancelarii jest zabezpieczony alarmem.<br \/>\nn) Adwokat tworzy kopie zapasowe danych celem zapobiegania ich zniszczeniu lub utracie na dysku zewn\u0119trznym.<br \/>\no) Adwokat w celu zabezpieczenia komputera, w tym poczty elektronicznej i telefonu korzysta z oprogramowania antywirusowego.<br \/>\np) W przypadku pod\u0142\u0105czenia do komputera lub telefonu przeno\u015bnych no\u015bnik\u00f3w danych nale\u017cy uruchomi\u0107 funkcj\u0119 ich skanowania przed w\u0142a\u015bciwym u\u017cyciem.<br \/>\nq) W przypadku kierowania wiadomo\u015bci e-mail przez adwokata w tre\u015bci wiadomo\u015bci zamieszcza si\u0119 nast\u0119puj\u0105cy komunikat:<\/p>\n<p>Ta wiadomo\u015b\u0107 wraz z do\u0142\u0105czonymi do niej za\u0142\u0105cznikami przeznaczona jest wy\u0142\u0105cznie dla podmiotu, kt\u00f3ry jest jej faktycznym adresatem i mo\u017ce zawiera\u0107 informacje poufne, w tym obj\u0119te tajemnic\u0105 adwokack\u0105.<br \/>\nW przypadku gdy nie jeste\u015b zamierzonym adresatem tej wiadomo\u015bci prosz\u0119 o niezw\u0142oczne zawiadomienie nadawcy oraz trwa\u0142e jej usuni\u0119cie wraz z za\u0142\u0105cznikami. Przetwarzanie danych zawartych w wiadomo\u015bci jest niedopuszczalne.<br \/>\nAdministratorem danych osobowych jest adw. Justyna Kozio\u0142 prowadz\u0105ca dzia\u0142alno\u015b\u0107 gospodarcz\u0105 pod nazw\u0105 Kancelaria Adwokacka Justyna Kozio\u0142 adres: ul. Bz\u00f3w 7A, 40-410 Katowice, NIP 253 019 11 15, numer telefonu (+48)791 844 288, adres e-mail kancelaria@adwokat-justynakoziol.pl[\/vc_column_text]\t<\/div>\n<\/div><\/div>[vc_empty_space height=&#8221;34px&#8221;][\/vc_column][\/vc_row][vc_row][vc_column][\/vc_column][\/vc_row]<\/p>\n","protected":false},"excerpt":{"rendered":"<p>[vc_row row_content_width=&#8221;grid&#8221; disable_background_image=&#8221;&#8221; simple_background_image=&#8221;2779&#8243; css=&#8221;.vc_custom_1539868674244{padding-top: 115px !important;padding-bottom: 130px !important;background-position: center !important;background-repeat: no-repeat !important;background-size: cover !important;}&#8221;][vc_column][vc_empty_space height=&#8221;34px&#8221;][\/vc_column][\/vc_row][vc_row][vc_column][\/vc_column][\/vc_row]<\/p>\n","protected":false},"author":1,"featured_media":0,"parent":0,"menu_order":0,"comment_status":"closed","ping_status":"closed","template":"full-width.php","meta":{"footnotes":""},"class_list":["post-3673","page","type-page","status-publish","hentry"],"_links":{"self":[{"href":"https:\/\/adwokat-justynakoziol.pl\/index.php?rest_route=\/wp\/v2\/pages\/3673","targetHints":{"allow":["GET"]}}],"collection":[{"href":"https:\/\/adwokat-justynakoziol.pl\/index.php?rest_route=\/wp\/v2\/pages"}],"about":[{"href":"https:\/\/adwokat-justynakoziol.pl\/index.php?rest_route=\/wp\/v2\/types\/page"}],"author":[{"embeddable":true,"href":"https:\/\/adwokat-justynakoziol.pl\/index.php?rest_route=\/wp\/v2\/users\/1"}],"replies":[{"embeddable":true,"href":"https:\/\/adwokat-justynakoziol.pl\/index.php?rest_route=%2Fwp%2Fv2%2Fcomments&post=3673"}],"version-history":[{"count":5,"href":"https:\/\/adwokat-justynakoziol.pl\/index.php?rest_route=\/wp\/v2\/pages\/3673\/revisions"}],"predecessor-version":[{"id":3682,"href":"https:\/\/adwokat-justynakoziol.pl\/index.php?rest_route=\/wp\/v2\/pages\/3673\/revisions\/3682"}],"wp:attachment":[{"href":"https:\/\/adwokat-justynakoziol.pl\/index.php?rest_route=%2Fwp%2Fv2%2Fmedia&parent=3673"}],"curies":[{"name":"wp","href":"https:\/\/api.w.org\/{rel}","templated":true}]}}