{"id":3676,"date":"2018-09-25T13:38:07","date_gmt":"2018-09-25T11:38:07","guid":{"rendered":"https:\/\/adwokat-justynakoziol.pl\/?page_id=3676"},"modified":"2021-06-09T02:04:07","modified_gmt":"2021-06-09T00:04:07","slug":"about-us-2-2-2-2","status":"publish","type":"page","link":"https:\/\/adwokat-justynakoziol.pl\/?page_id=3676","title":{"rendered":"Polityka plik\u00f3w cookies"},"content":{"rendered":"<p>[vc_row row_content_width=&#8221;grid&#8221; disable_background_image=&#8221;&#8221; simple_background_image=&#8221;2779&#8243; css=&#8221;.vc_custom_1539868674244{padding-top: 115px !important;padding-bottom: 130px !important;background-position: center !important;background-repeat: no-repeat !important;background-size: cover !important;}&#8221;][vc_column]<div class=\"mkdf-accordion-holder mkdf-ac-default  mkdf-accordion mkdf-ac-boxed  clearfix\">\n\t<h5 class=\"mkdf-accordion-title\">\n    <span class=\"mkdf-accordion-mark\">\n\t\t<span class=\"mkdf_icon_plus icon_plus\"><\/span>\n\t\t<span class=\"mkdf_icon_minus icon_minus-06\"><\/span>\n\t<\/span>\n\t<span class=\"mkdf-tab-title\">Polityka plik\u00f3w \u201ecookies\u201d<\/span>\n<\/h5>\n<div class=\"mkdf-accordion-content\">\n\t<div class=\"mkdf-accordion-content-inner\">\n\t\t[vc_column_text]<\/p>\n<p style=\"text-align: center;\"><strong><span style=\"font-family: Times New Roman;\">Polityka plik\u00f3w \u201ecookies\u201d<\/span><\/strong><\/p>\n<p>1. Pliki \u201ecookies\u201d to dane informatyczne, w szczeg\u00f3lno\u015bci pliki tekstowe, przechowywane w urz\u0105dzeniach takich jak komputer, tablet, smartphone i przeznaczone do korzystania ze stron internetowych.<br \/>\n2. Standardowo cookies sk\u0142ada si\u0119 z: nazwa strony internetowej, z kt\u00f3rej pochodz\u0105, czas przechowywania, unikalny numer s\u0142u\u017c\u0105cy do identyfikacji wykorzystywanej przegl\u0105darki<br \/>\n3. Pliki cookies umo\u017cliwiaj\u0105 rozpoznanie urz\u0105dzenia u\u017cytkownika i wy\u015bwietlenie strony internetowej w spos\u00f3b dostosowany preferencji u\u017cytkownika danego urz\u0105dzenia.<br \/>\n4. Pliki \u201ecookies\u201d u\u017cywane s\u0105 w celu:<br \/>\na) dostosowania zawarto\u015bci stron internetowych do preferencji u\u017cytkownika,<br \/>\nb) usprawnienia dzia\u0142ania strony internetowej,<br \/>\nc) anonimowych statystyk,<br \/>\nd) zapami\u0119tywania danych z wype\u0142nianych p\u00f3l dost\u0119pnych na stronie internetowej<br \/>\n5. Pliki \u201ecookies\u201d dzielimy na \u201esesyjne\u201d, tj. tymczasowe (pozostaj\u0105ce na urz\u0105dzenia do wylogowania ze strony internetowej lub wy\u0142\u0105czenia przegl\u0105darki internetowej) oraz \u201esta\u0142e\u201d. (pozostaj\u0105 na urz\u0105dzeniu u\u017cytkownika przez czas okre\u015blony w parametrach plik\u00f3w \u201ecookies\u201d albo do momentu ich r\u0119cznego usuni\u0119cia przez u\u017cytkownika)<br \/>\n6. Pliki \u201ecookies\u201d wykorzystywane przez partner\u00f3w operatora strony internetowej, w tym w szczeg\u00f3lno\u015bci u\u017cytkownik\u00f3w strony internetowej, podlegaj\u0105 ich w\u0142asnej polityce prywatno\u015bci.<br \/>\n7. Dane zawarte w plikach cookies s\u0105 zaszyfrowane w spos\u00f3b uniemo\u017cliwiaj\u0105cy dost\u0119p do nich osobom nieuprawnionym.<br \/>\n8. Oprogramowania s\u0142u\u017c\u0105ce do przegl\u0105dania stron internetowych domy\u015blnie dopuszczaj\u0105 umieszczanie plik\u00f3w \u201ecookies\u201d na urz\u0105dzeniu ko\u0144cowym, tj. np. komputerze, tablecie, smartphonie. Standardowe ustawienia mog\u0105 zosta\u0107 zmienione za pomoc\u0105 ustawie\u0144 przegl\u0105darki internetowej<br \/>\n9. Szczeg\u00f3\u0142owe informacje o mo\u017cliwo\u015bci i sposobach obs\u0142ugi plik\u00f3w \u201ecookies\u201d dost\u0119pne s\u0105 w ustawieniach oprogramowania (przegl\u0105darki internetowej).<br \/>\n10. Ograniczenie stosowania plik\u00f3w \u201ecookies\u201d mo\u017ce wp\u0142yn\u0105\u0107 na funkcjonowanie strony internetowej<br \/>\n11. Szczeg\u00f3\u0142owe informacje o zarz\u0105dzaniu plikami cookies dla poszczeg\u00f3lnych przegl\u0105darek:<br \/>\na) Chrome: https:\/\/support.google.com\/chrome\/answer\/95647?hl=pl,<br \/>\nb) Firefox: https:\/\/support.mozilla.org\/pl\/kb\/wzmocniona-ochrona-przed-sledzeniem-firefox-desktop?redirectslug=W%C5%82%C4%85czanie+i+wy%C5%82%C4%85czanie+obs%C5%82ugi+ciasteczek&amp;redirectlocale=pl,<br \/>\nc) Opera: https:\/\/help.opera.com\/pl\/latest\/web-preferences\/#cookies<br \/>\nd) Safari: https:\/\/support.apple.com\/pl-pl\/guide\/safari\/sfri11471\/mac<br \/>\ne) Microsoft Edge: https:\/\/support.microsoft.com\/pl-pl\/windows\/program-microsoft-edge-i-przegl%C4%85danie-danych-a-prywatno%C5%9B%C4%87-bb8174ba-9d73-dcf2-9b4a-c582b4e640dd[\/vc_column_text]\t<\/div>\n<\/div><\/div>[vc_empty_space height=&#8221;34px&#8221;][\/vc_column][\/vc_row][vc_row][vc_column][\/vc_column][\/vc_row]<\/p>\n","protected":false},"excerpt":{"rendered":"<p>[vc_row row_content_width=&#8221;grid&#8221; disable_background_image=&#8221;&#8221; simple_background_image=&#8221;2779&#8243; css=&#8221;.vc_custom_1539868674244{padding-top: 115px !important;padding-bottom: 130px !important;background-position: center !important;background-repeat: no-repeat !important;background-size: cover !important;}&#8221;][vc_column][vc_empty_space height=&#8221;34px&#8221;][\/vc_column][\/vc_row][vc_row][vc_column][\/vc_column][\/vc_row]<\/p>\n","protected":false},"author":1,"featured_media":0,"parent":0,"menu_order":0,"comment_status":"closed","ping_status":"closed","template":"full-width.php","meta":{"footnotes":""},"class_list":["post-3676","page","type-page","status-publish","hentry"],"_links":{"self":[{"href":"https:\/\/adwokat-justynakoziol.pl\/index.php?rest_route=\/wp\/v2\/pages\/3676","targetHints":{"allow":["GET"]}}],"collection":[{"href":"https:\/\/adwokat-justynakoziol.pl\/index.php?rest_route=\/wp\/v2\/pages"}],"about":[{"href":"https:\/\/adwokat-justynakoziol.pl\/index.php?rest_route=\/wp\/v2\/types\/page"}],"author":[{"embeddable":true,"href":"https:\/\/adwokat-justynakoziol.pl\/index.php?rest_route=\/wp\/v2\/users\/1"}],"replies":[{"embeddable":true,"href":"https:\/\/adwokat-justynakoziol.pl\/index.php?rest_route=%2Fwp%2Fv2%2Fcomments&post=3676"}],"version-history":[{"count":3,"href":"https:\/\/adwokat-justynakoziol.pl\/index.php?rest_route=\/wp\/v2\/pages\/3676\/revisions"}],"predecessor-version":[{"id":3688,"href":"https:\/\/adwokat-justynakoziol.pl\/index.php?rest_route=\/wp\/v2\/pages\/3676\/revisions\/3688"}],"wp:attachment":[{"href":"https:\/\/adwokat-justynakoziol.pl\/index.php?rest_route=%2Fwp%2Fv2%2Fmedia&parent=3676"}],"curies":[{"name":"wp","href":"https:\/\/api.w.org\/{rel}","templated":true}]}}