{"id":3678,"date":"2018-09-25T13:38:07","date_gmt":"2018-09-25T11:38:07","guid":{"rendered":"https:\/\/adwokat-justynakoziol.pl\/?page_id=3678"},"modified":"2021-06-09T02:11:29","modified_gmt":"2021-06-09T00:11:29","slug":"about-us-2-2-2-2-2","status":"publish","type":"page","link":"https:\/\/adwokat-justynakoziol.pl\/?page_id=3678","title":{"rendered":"Regulamin us\u0142ug prawnych"},"content":{"rendered":"<p>[vc_row row_content_width=&#8221;grid&#8221; disable_background_image=&#8221;&#8221; simple_background_image=&#8221;2779&#8243; css=&#8221;.vc_custom_1539868674244{padding-top: 115px !important;padding-bottom: 130px !important;background-position: center !important;background-repeat: no-repeat !important;background-size: cover !important;}&#8221;][vc_column]<div class=\"mkdf-accordion-holder mkdf-ac-default  mkdf-accordion mkdf-ac-boxed  clearfix\">\n\t<h5 class=\"mkdf-accordion-title\">\n    <span class=\"mkdf-accordion-mark\">\n\t\t<span class=\"mkdf_icon_plus icon_plus\"><\/span>\n\t\t<span class=\"mkdf_icon_minus icon_minus-06\"><\/span>\n\t<\/span>\n\t<span class=\"mkdf-tab-title\">Regulamin us\u0142ug prawnych<\/span>\n<\/h5>\n<div class=\"mkdf-accordion-content\">\n\t<div class=\"mkdf-accordion-content-inner\">\n\t\t[vc_column_text]<\/p>\n<p style=\"text-align: center;\"><span style=\"font-family: Times New Roman;\"><strong>REGULAMIN US\u0141UG PRAWNYCH ON-LINE<\/strong><br \/>\n<\/span><\/p>\n<p style=\"text-align: left;\"><span style=\"font-family: Times New Roman;\">Niniejszy Regulamin \u015awiadczenia Us\u0142ug Prawnych On-Line, zwany dalej Regulaminem, reguluje zasady \u015bwiadczenia us\u0142ug prawnych drog\u0105 elektroniczn\u0105 przez Kancelari\u0119 Adwokack\u0105 Justyny Kozio\u0142<\/span><\/p>\n<p style=\"text-align: center;\"><strong>\u00a71<\/strong><\/p>\n<p style=\"text-align: center;\"><strong>DEFINICJE<\/strong><\/p>\n<p style=\"text-align: left;\">Na potrzeby niniejszego regulaminu okre\u015bla si\u0119 znaczenie poni\u017cszych definicji:<br \/>\n1) Kancelaria \u2013 Kancelaria Adwokacka Justyna Kozio\u0142,<br \/>\n2) Klient &#8211; osoba, kt\u00f3ra wyrazi\u0142a ch\u0119\u0107 skorzystania z us\u0142ugi prawnej on-line \u015bwiadczonej drog\u0105 elektroniczn\u0105 wype\u0142niaj\u0105c formularz kontaktowy zamieszczony na stronie internetowej, b\u0105d\u017a przesy\u0142aj\u0105c zapytanie na adres e-mail Kancelarii,<br \/>\n3) us\u0142uga prawna on- line \u2013 w szczeg\u00f3lno\u015bci opinia prawna, odpowied\u017a na zadane przez Klienta pytanie prawne, porada prawna, projekt umowy, wz\u00f3r umowy, projekt pisma procesowego, regulamin \u015bwiadczenia us\u0142ug drog\u0105 elektroniczn\u0105 lub inny dokument zam\u00f3wiony przez Klienta drog\u0105 elektroniczn\u0105, sporz\u0105dzony przez Kancelari\u0119 na podstawie stanu faktycznego podanego przez Klienta;<br \/>\n4) umowa \u2013 umowa o \u015bwiadczenie us\u0142ug prawnych on &#8211; line, zawarta na warunkach okre\u015blonych w Regulaminie pomi\u0119dzy Klientem i Kancelari\u0105;<br \/>\n5) dzie\u0144 roboczy &#8211; dzie\u0144 powszedni z wy\u0142\u0105czeniem sob\u00f3t oraz dni ustawowo wolnych od pracy wed\u0142ug ustawy z dnia 18 stycznia 1951 r. o dniach wolnych od pracy (Dz. U. 2010.224.1459 \u2013 zm.)<br \/>\n6) zawarcie umowy &#8211; Umowa z Kancelari\u0105 zostaje zawarta z chwil\u0105 dokonania przez Klienta przelewu, po uprzednim z\u0142o\u017ceniu przez niego zapytania oraz akceptacji tre\u015bci niniejszego regulaminu<\/p>\n<p style=\"text-align: center;\"><strong>\u00a72<\/strong><\/p>\n<p style=\"text-align: center;\"><strong>ZAWARCIE UMOWY<\/strong><\/p>\n<p>Klient zawiera Umow\u0119 z Kancelari\u0105 przez zaakceptowanie Regulaminu i wyra\u017cenie zgody na warunki w nim zawarte oraz z\u0142o\u017cenie zlecenia na \u015bwiadczenie Us\u0142ug Prawnych poprzez wype\u0142nienie znajduj\u0105cego si\u0119 na stronie internetowej formularza kontaktowego albo przez przes\u0142anie zapytania na adres e-mail Kancelarii oraz zaakceptowanie oferty z\u0142o\u017conej przez Kancelari\u0119.<\/p>\n<p style=\"text-align: center;\"><strong>\u00a7 3<\/strong><br \/>\n<strong>\u015aWIADCZENIE US\u0141UG PRAWNYCH ON &#8211; LINE<\/strong><\/p>\n<p style=\"text-align: left;\">1) Z us\u0142ug prawnych on &#8211; line mo\u017ce skorzysta\u0107 osoba, kt\u00f3ra wype\u0142ni\u0142a formularz kontaktowy zamieszczony na stronie internetowej Kancelarii i opisa\u0142a stan faktyczny sprawy albo przes\u0142a\u0142a stan faktyczny sprawy na e-mail kancelarii. Wysy\u0142aj\u0105c formularz kontaktowy albo maila Klient akceptuje regulamin \u015bwiadczenia us\u0142ug prawnych on-line<br \/>\n2) Klient jest zobowi\u0105zany wskaza\u0107 wszystkie istotne okoliczno\u015bci faktyczne sprawy<br \/>\n3) Klient ma mo\u017cliwo\u015b\u0107 za\u0142\u0105czenia dokument\u00f3w dotycz\u0105ce stanu faktycznego sprawy do formularza kontaktowego<br \/>\n4) Kancelaria zastrzega sobie prawo do \u017c\u0105dania udzielenia dodatkowych wyja\u015bnie\u0144, w szczeg\u00f3lno\u015bci do udzielenia informacji b\u0105d\u017a przes\u0142ania zeskanowanych dokument\u00f3w. W razie potrzeby Kancelaria zastrzega sobie prawo do dodatkowego kontaktu z Klientem, drog\u0105 telefoniczn\u0105 lub za pomoc\u0105 poczty elektronicznej.<br \/>\n5) W ci\u0105gu 48 h (dotyczy tylko dni roboczych) od otrzymania przez Kancelari\u0119 zapytania zawieraj\u0105cego kompletne informacje i dokumenty, zostanie przes\u0142any do Klienta e- mail z informacj\u0105 o terminie i sposobie za\u0142atwienia sprawy oraz wysoko\u015bci wynagrodzenia za us\u0142ug\u0119 wraz ze wskazaniem numeru rachunku bankowego, na kt\u00f3ry nale\u017cy dokona\u0107 wp\u0142aty wynagrodzenia<br \/>\n6) Kancelaria mo\u017ce z\u0142o\u017cy\u0107 Klientowi o\u015bwiadczenie o odmowie podj\u0119cia si\u0119 przez Kancelari\u0119 wykonania us\u0142ugi bez uzasadnienia<br \/>\n7) Je\u017celi Klient akceptuje wycen\u0119 dokonuje wp\u0142aty honorarium na rachunek bankowy Kancelarii. Za moment zap\u0142aty uznaje si\u0119 chwil\u0119 wp\u0142yni\u0119cia honorarium na rachunek bankowy Kancelarii<br \/>\n8) Brak zap\u0142aty ca\u0142o\u015bci honorarium Kancelarii w um\u00f3wionym terminie, uznaje si\u0119 za odmow\u0119 przyj\u0119cia oferty Kancelarii przez Klienta. Kancelaria przestaje by\u0107 zwi\u0105zana z\u0142o\u017con\u0105 ofert\u0105.<br \/>\n9) Kancelaria \u015bwiadczy us\u0142ugi prawne, udziela porady prawnej, sporz\u0105dza projekty pism w oparciu o dane przekazane jej przez Klienta,<br \/>\n10) Kancelaria nie ponosi odpowiedzialno\u015bci za nierzetelne, niedok\u0142adne, nieprawdziwe przedstawienie stanu faktycznego przez Klienta oraz nieprzedstawienie stosownych dokument\u00f3w istotnych dla \u015bwiadczenia us\u0142ugi prawnej on-line<br \/>\n11) Z\u0142o\u017cenie przez Us\u0142ugobiorc\u0119 dodatkowych zapyta\u0144 traktowane jest jako zlecenie wykonania odr\u0119bnej Us\u0142ugi Konsultacji Prawnej On &#8211; line.<br \/>\n12) Us\u0142uga prawna on-line \u015bwiadczona jest przez Kancelari\u0119 wy\u0142\u0105cznie w dni robocze.<\/p>\n<p style=\"text-align: center;\"><strong>\u00a7 4<\/strong><br \/>\n<strong>FAKTURA VAT<\/strong><\/p>\n<p>Na \u017cyczenie Klienta Kancelaria wystawia faktur\u0119 VAT i wysy\u0142a j\u0105 na adres mailowy Klienta W \u017c\u0105daniu wystawienia faktury nale\u017cy poda\u0107 nazw\u0119, imi\u0119 i nazwisko, adres zamieszkania lub siedziby oraz nr NIP.<\/p>\n<p style=\"text-align: center;\"><strong>\u00a7 5<\/strong><br \/>\n<strong>REKLAMACJE<\/strong><\/p>\n<p>1. Klient ma prawo do z\u0142o\u017cenia reklamacji.<br \/>\n2. Reklamacj\u0119 nale\u017cy z\u0142o\u017cy\u0107 w formie pisemnej pod rygorem niewa\u017cno\u015bci (listem poleconym) na adres Kancelarii, w terminie 7 dni od dnia wykonania us\u0142ugi prawnej on &#8211; line.<br \/>\n3. Reklamacja zostanie rozpatrzona przez Kancelari\u0119 w terminie 14 dni roboczych od daty wp\u0142ywu reklamacji do Kancelarii.<\/p>\n<p style=\"text-align: center;\"><strong>\u00a7 6<\/strong><br \/>\n<strong>OKRES OBOWI\u0104ZYWANIA UMOWY I JEJ ROZWI\u0104ZANIE<\/strong><\/p>\n<p>Umowa pomi\u0119dzy Klientem i Kancelari\u0105 jest zawarta na czas wykonywania us\u0142ugi prawnej on &#8211; line. W przypadku ra\u017c\u0105cego naruszenia przez Kancelari\u0119 warunk\u00f3w Umowy, Us\u0142ugobiorca mo\u017ce Umow\u0119 wypowiedzie\u0107 ze skutkiem natychmiastowym, korzystaj\u0105c z formularza kontaktowego umieszczonego na stronie Kancelarii.<\/p>\n<p style=\"text-align: center;\"><strong>\u00a7 7<\/strong><br \/>\n<strong>POUFNO\u015a\u0106<\/strong><\/p>\n<p>Wszelkie dokumenty oraz przedstawione przez Us\u0142ugobiorc\u0119 okoliczno\u015bci faktyczne s\u0105 obj\u0119te tajemnic\u0105 adwokack\u0105, kt\u00f3rej Kancelaria zobowi\u0105zana jest przestrzega\u0107.<\/p>\n<p style=\"text-align: center;\"><strong>\u00a7 9<\/strong><br \/>\n<strong>POSTANOWIENIA KO\u0143COWE<\/strong><\/p>\n<p>1. W sprawach nie uregulowanych w niniejszym regulaminie zastosowanie maj\u0105 odpowiednie przepisy Kodeksu cywilnego oraz ustawy o \u015bwiadczeniu us\u0142ug drog\u0105 elektroniczn\u0105.<br \/>\n2. Kieruj\u0105c zapytanie ofertowe do Kancelarii Klient wyra\u017ca zgod\u0119 na przetwarzanie jego danych osobowych na potrzeby wykonania us\u0142ugi prawnej on &#8211; line, przeprowadzania post\u0119powania reklamacyjnego oraz ustalenia istnienia konfliktu interes\u00f3w pomi\u0119dzy klientami Kancelarii.[\/vc_column_text]\t<\/div>\n<\/div><\/div>[vc_empty_space height=&#8221;34px&#8221;][\/vc_column][\/vc_row][vc_row][vc_column][\/vc_column][\/vc_row]<\/p>\n","protected":false},"excerpt":{"rendered":"<p>[vc_row row_content_width=&#8221;grid&#8221; disable_background_image=&#8221;&#8221; simple_background_image=&#8221;2779&#8243; css=&#8221;.vc_custom_1539868674244{padding-top: 115px !important;padding-bottom: 130px !important;background-position: center !important;background-repeat: no-repeat !important;background-size: cover !important;}&#8221;][vc_column][vc_empty_space height=&#8221;34px&#8221;][\/vc_column][\/vc_row][vc_row][vc_column][\/vc_column][\/vc_row]<\/p>\n","protected":false},"author":1,"featured_media":0,"parent":0,"menu_order":0,"comment_status":"closed","ping_status":"closed","template":"full-width.php","meta":{"footnotes":""},"class_list":["post-3678","page","type-page","status-publish","hentry"],"_links":{"self":[{"href":"https:\/\/adwokat-justynakoziol.pl\/index.php?rest_route=\/wp\/v2\/pages\/3678","targetHints":{"allow":["GET"]}}],"collection":[{"href":"https:\/\/adwokat-justynakoziol.pl\/index.php?rest_route=\/wp\/v2\/pages"}],"about":[{"href":"https:\/\/adwokat-justynakoziol.pl\/index.php?rest_route=\/wp\/v2\/types\/page"}],"author":[{"embeddable":true,"href":"https:\/\/adwokat-justynakoziol.pl\/index.php?rest_route=\/wp\/v2\/users\/1"}],"replies":[{"embeddable":true,"href":"https:\/\/adwokat-justynakoziol.pl\/index.php?rest_route=%2Fwp%2Fv2%2Fcomments&post=3678"}],"version-history":[{"count":5,"href":"https:\/\/adwokat-justynakoziol.pl\/index.php?rest_route=\/wp\/v2\/pages\/3678\/revisions"}],"predecessor-version":[{"id":3690,"href":"https:\/\/adwokat-justynakoziol.pl\/index.php?rest_route=\/wp\/v2\/pages\/3678\/revisions\/3690"}],"wp:attachment":[{"href":"https:\/\/adwokat-justynakoziol.pl\/index.php?rest_route=%2Fwp%2Fv2%2Fmedia&parent=3678"}],"curies":[{"name":"wp","href":"https:\/\/api.w.org\/{rel}","templated":true}]}}