{"id":3943,"date":"2018-09-26T14:21:29","date_gmt":"2018-09-26T12:21:29","guid":{"rendered":"https:\/\/adwokat-justynakoziol.pl\/?page_id=3943"},"modified":"2022-03-20T09:30:27","modified_gmt":"2022-03-20T08:30:27","slug":"contact-us-2","status":"publish","type":"page","link":"https:\/\/adwokat-justynakoziol.pl\/?page_id=3943","title":{"rendered":"OPINIE"},"content":{"rendered":"<p>[vc_row][vc_column][vc_column_text][\/vc_column_text][\/vc_column][\/vc_row][vc_row row_content_width=&#8221;grid&#8221; css=&#8221;.vc_custom_1538036856139{padding-top: 83px !important;padding-bottom: 85px !important;}&#8221;][vc_column offset=&#8221;vc_col-lg-offset-0 vc_col-lg-6 vc_col-md-offset-0 vc_col-md-12 vc_col-sm-offset-0 vc_col-xs-12&#8243;]<div class=\"mkdf-elements-holder   mkdf-one-column  mkdf-responsive-mode-768 \" ><div class=\"mkdf-eh-item     \"  data-item-class=\"mkdf-eh-custom-1383\" data-1367-1600=\"22px 20px 0px 0px\" data-1025-1366=\"22px 20px 0px 0px\" data-769-1024=\"22px 0px 0px 0px\" data-681-768=\"22px 0px 0px 0px\" data-680=\"22px 0px 0px 0px\">\n\t    <div class=\"mkdf-eh-item-inner\">\n\t\t<div class=\"mkdf-eh-item-content mkdf-eh-custom-1383\" style=\"padding: 22px 20px 0px 0px\">\n\t\t\t<div class=\"mkdf-testimonials-holder clearfix mkdf-testimonials-standard  \">\n    <div class=\"mkdf-testimonials mkdf-owl-slider\" data-number-of-items=\"1\" data-enable-loop=\"yes\" data-enable-autoplay=\"yes\" data-slider-speed=\"5000\" data-slider-speed-animation=\"600\" data-enable-navigation=\"yes\" data-enable-pagination=\"no\" >\n\n    \n            <div class=\"mkdf-testimonial-content\" id=\"mkdf-testimonials-4023\">\n                <div class=\"mkdf-testimonial-text-holder\">\n                                            <h2 itemprop=\"name\" class=\"mkdf-testimonial-title entry-title\">SERDECZNIE I GOR\u0104CO POLECAM PANI\u0104 ADWOKAT JUSTYN\u0118 KOZIO\u0141<\/h2>\n                                                                <p class=\"mkdf-testimonial-text\">Szybko i profesjonalnie przeprowadza konieczne post\u0119powania. Jest bardzo pomocna, \u015bwiadczy bardzo wysoki poziom us\u0142ug. Ca\u0142ym sercem anga\u017cuje si\u0119 w sprawy swoich klient\u00f3w i wspiera na ka\u017cdym etapie post\u0119powania<\/p>\n                                                                <div class=\"mkdf-testimonial-author\">\n                            <h4 class=\"mkdf-testimonials-author-name\">El\u017cbieta Szczypi\u0144ska<\/h4>\n                                                    <\/div>\n                                    <\/div>\n                            <\/div>\n\n    \n            <div class=\"mkdf-testimonial-content\" id=\"mkdf-testimonials-4020\">\n                <div class=\"mkdf-testimonial-text-holder\">\n                                                                <p class=\"mkdf-testimonial-text\">Bardzo polecam Kancelari\u0119 Pani Justyny Kozio\u0142 i dzi\u0119kuje Pani Mecenas \u017ce tak fachowo poprowadzi\u0142a Pani moj\u0105 spraw\u0119 ,kt\u00f3ra zako\u0144czy\u0142a si\u0119 wygran\u0105.           JESZCZE RAZ DZI\u0118KUJ\u0118 I SZCZERZE POLECAM PANI\u0104 MECENAS JUSTYN\u0118 KOZIO\u0141.<\/p>\n                                                                <div class=\"mkdf-testimonial-author\">\n                            <h4 class=\"mkdf-testimonials-author-name\">Krystyna.O<\/h4>\n                                                    <\/div>\n                                    <\/div>\n                            <\/div>\n\n    \n            <div class=\"mkdf-testimonial-content\" id=\"mkdf-testimonials-4015\">\n                <div class=\"mkdf-testimonial-text-holder\">\n                                                                <p class=\"mkdf-testimonial-text\">Dzi\u0119ki Pani Mecenas maja sprawa zosta\u0142a przeprowadzona szybko i sprawnie. By\u0142a moim wsparciem zawsze gdy tylko tego potrzebowa\u0142am. Jaszcze raz bardzo Pani dzi\u0119kuje.<\/p>\n                                                                <div class=\"mkdf-testimonial-author\">\n                            <h4 class=\"mkdf-testimonials-author-name\">Kasia K.<\/h4>\n                                                    <\/div>\n                                    <\/div>\n                            <\/div>\n\n    \n            <div class=\"mkdf-testimonial-content\" id=\"mkdf-testimonials-4013\">\n                <div class=\"mkdf-testimonial-text-holder\">\n                                                                <p class=\"mkdf-testimonial-text\">Upad\u0142o\u015b\u0107 konsumencka tylko z Pani\u0105 Mecenas. W przeciwie\u0144stwie do kilku kancelarii, kt\u00f3re interesowa\u0142y wy\u0142\u0105cznie moje pieni\u0105dze, Pani Mecenas pomog\u0142a mi zrozumie\u0107 sens upad\u0142o\u015bci i jej plusy, ale te\u017c minusy. Nie ukrywa\u0142a tego, o czym inni prawnicy nie zaj\u0105kn\u0119li si\u0119 nawet, aby przypadkiem nie wystraszy\u0107 klienta. Ca\u0142a operacja przebieg\u0142a bardzo sprawnie, a Pani Mecenas by\u0142a ze mn\u0105 na ka\u017cdym etapie. Odpowiada\u0142a na ka\u017cde pytanie, potrafi\u0142a wszystko wyja\u015bni\u0107 i to wyja\u015bni\u0107 zrozumiale. A przecie\u017c dla szarego konsumenta upad\u0142o\u015b\u0107 to nieznany l\u0105d. Dzi\u0119kuj\u0119 Pani Mecenas raz jeszcze za wszelk\u0105 pomoc.<\/p>\n                                                                <div class=\"mkdf-testimonial-author\">\n                            <h4 class=\"mkdf-testimonials-author-name\">Odd\u0142u\u017cony<\/h4>\n                                                    <\/div>\n                                    <\/div>\n                            <\/div>\n\n    \n            <div class=\"mkdf-testimonial-content\" id=\"mkdf-testimonials-4012\">\n                <div class=\"mkdf-testimonial-text-holder\">\n                                                                <p class=\"mkdf-testimonial-text\">Pani Mecenas jest osob\u0105 kompetentn\u0105, rzeteln\u0105 i bardzo skuteczn\u0105 w swoim dzia\u0142aniu. Dzi\u0119ki Pani Adwokat s\u0105d oddali\u0142 k\u00f3\u0142ka moich spraw i uda\u0142o si\u0119 wycofa\u0107 zaj\u0119cia komornicze. \u017ba\u0142uj\u0119, \u017ce tak p\u00f3\u017ano kto\u015b poleci\u0142 mi Pani\u0105 Mecenas, dlatego ja z ca\u0142ego serca b\u0119d\u0119 poleca\u0142a wsp\u00f3\u0142prac\u0119 z Kancelari\u0105 Adwokack\u0105 Justyna Kozio\u0142<\/p>\n                                                                <div class=\"mkdf-testimonial-author\">\n                            <h4 class=\"mkdf-testimonials-author-name\">Aneta Tracz<\/h4>\n                                                    <\/div>\n                                    <\/div>\n                            <\/div>\n\n    \n            <div class=\"mkdf-testimonial-content\" id=\"mkdf-testimonials-4011\">\n                <div class=\"mkdf-testimonial-text-holder\">\n                                            <h2 itemprop=\"name\" class=\"mkdf-testimonial-title entry-title\">Serdeczne podzi\u0119kowanie<\/h2>\n                                                                <p class=\"mkdf-testimonial-text\">SERDECZNE PODZI\u0118KOWANIE DLA PANI ADWOKAT JUSTYNY KOZIO\u0141  Dzi\u0119kuje za pozytywne za\u0142atwienie mojej sprawy. Pani Adwokat Justyna Kozio\u0142 jest bardzo zaanga\u017cowana , kompetentna i rzeczowa. \u015amia\u0142o mog\u0119 powiedzie\u0107 i\u017c jest stworzona po to by by\u0107 adwokatem . W kontakcie bezpo\u015bredniej rozmowy rzeczowa,motywuj\u0105ca i podtrzymuj\u0105ca na duchu. Jeszcze raz dzi\u0119kuj\u0119. POLECAM KANCELARIE PANI JUSTYNY KOZIO\u0141<\/p>\n                                                                <div class=\"mkdf-testimonial-author\">\n                            <h4 class=\"mkdf-testimonials-author-name\">Krystyna O.<\/h4>\n                                                    <\/div>\n                                    <\/div>\n                            <\/div>\n\n    \n            <div class=\"mkdf-testimonial-content\" id=\"mkdf-testimonials-4004\">\n                <div class=\"mkdf-testimonial-text-holder\">\n                                                                <p class=\"mkdf-testimonial-text\">Pani adw. Justyna jest osob\u0105 w pe\u0142ni zaanga\u017cowan\u0105 w spraw\u0119, kt\u00f3r\u0105 prowadzi, kompetentna i rzetelna.  Jestem bardzo wdzi\u0119czny za okazan\u0105 pomoc i wsparcie. Profesjonalistka z bardzo dobrym podej\u015bciem do klienta. Do ka\u017cdej sprawy podchodzi indywidualnie i nikogo nie ocenia... Bardzo anga\u017cuje si\u0119 w prowadzone sprawy! Jestem bardzo zadowolony z us\u0142ug Pani adwokat, kilka spraw wygranych\/oddalonych np. z Ultimo. Polecam wszystkim, kt\u00f3rzy potrzebuj\u0105 realnej pomocy.<\/p>\n                                                                <div class=\"mkdf-testimonial-author\">\n                            <h4 class=\"mkdf-testimonials-author-name\">Marcin \u015a.<\/h4>\n                                                    <\/div>\n                                    <\/div>\n                            <\/div>\n\n    \n            <div class=\"mkdf-testimonial-content\" id=\"mkdf-testimonials-4003\">\n                <div class=\"mkdf-testimonial-text-holder\">\n                                                                <p class=\"mkdf-testimonial-text\">Pani Mecenas to adwokat z prawdziwego zdarzenia. Nie wierzy\u0142am \u017ce mo\u017cna tak skutecznie walczy\u0107 w s\u0105dzie z krukiem i ultimo a Pani Mecenas uratowa\u0142a mnie trzykrotnie przed wydaniem nakazu i komornikiem. Polecam t\u0105 pani\u0105 mecenas wszystkim maj\u0105cym problemy z lichwiarzami typu kruk czy ultimu<\/p>\n                                                                <div class=\"mkdf-testimonial-author\">\n                            <h4 class=\"mkdf-testimonials-author-name\">Barbara S.<\/h4>\n                                                    <\/div>\n                                    <\/div>\n                            <\/div>\n\n    \n            <div class=\"mkdf-testimonial-content\" id=\"mkdf-testimonials-4002\">\n                <div class=\"mkdf-testimonial-text-holder\">\n                                                                <p class=\"mkdf-testimonial-text\">Gor\u0105co polecam Kancelari\u0119 Adwokack\u0105 Justyna.Kozio\u0142. Pani\u0105 Mecenas cechuje pe\u0142ny profesjonalizm,bardzo ciep\u0142y,empatyczny stosunek do klienta,du\u017ca skuteczno\u015b\u0107,ogromn\u0105 dba\u0142o\u015b\u0107 o jako\u015b\u0107 pism procesowych-w sumie bardzo wysoki poziom us\u0142ug prawniczych, Bardzo dzi\u0119kuj\u0119 za zaanga\u017cowanie i okazan\u0105 pomoc<\/p>\n                                                                <div class=\"mkdf-testimonial-author\">\n                            <h4 class=\"mkdf-testimonials-author-name\">Andrzej Smoczynski<\/h4>\n                                                    <\/div>\n                                    <\/div>\n                            <\/div>\n\n    \n            <div class=\"mkdf-testimonial-content\" id=\"mkdf-testimonials-4001\">\n                <div class=\"mkdf-testimonial-text-holder\">\n                                            <h2 itemprop=\"name\" class=\"mkdf-testimonial-title entry-title\">Podzi\u0119kowania<\/h2>\n                                                                <p class=\"mkdf-testimonial-text\">Chcia\u0142em podzi\u0119kowa\u0107 Pani adw. Justynie za okazane wsparcie i pomoc w moim zawi\u0142ym odd\u0142u\u017caniu. Wygrane sprawy daj\u0105 wiar\u0119 na wyj\u015bcie z d\u0142ug\u00f3w., \u017ce mo\u017cna,... \u017ce kto\u015b jest ze Mn\u0105 kto\u015b do\u015bwiadczony. Dzi\u0119kuj\u0119 \u017ce mog\u0119 zawsze liczy\u0107 na Kancelari\u0119 Adwokack\u0105 zajmuj\u0105c\u0105 si\u0119 moimi sprawami. Nie wierzy\u0142em, \u017ce mo\u017cna wygra\u0107, zwr\u00f3ci\u0142em si\u0119 do Pani Justyny, bo i tak nie mia\u0142em innego wyj\u015bcia. Ale teraz wiem, \u017ce by\u0142a to najlepsza decyzja, pokazuj\u0105 to dwa wyroki oddalaj\u0105ce. Jeszcze d\u0142uga droga, ale \u015bwiadomo\u015b\u0107, \u017ce nie jestem sam jest buduj\u0105ca, daje to psychiczne wytchnienie. Dzi\u0119kuj\u0119 i polecam wszystkim kt\u00f3rzy nie maj\u0105 ju\u017c si\u0142y, Pani Justyna da Wam si\u0142\u0119, aby uwierzy\u0107. Raz jeszcze dzi\u0119kuj\u0119 za pomoc, za zaanga\u017cowanie.<\/p>\n                                                                <div class=\"mkdf-testimonial-author\">\n                            <h4 class=\"mkdf-testimonials-author-name\">Marcin<\/h4>\n                                                    <\/div>\n                                    <\/div>\n                            <\/div>\n\n    \n    <\/div>\n<\/div>\t\t<\/div>\n\t<\/div>\n<\/div><\/div>[vc_column_text][\/vc_column_text]<div class=\"mkdf-top-reviews-carousel-holder\">\n\t<\/div>[\/vc_column][vc_column offset=&#8221;vc_col-lg-offset-0 vc_col-lg-6 vc_col-md-offset-0 vc_col-md-12 vc_col-sm-offset-0 vc_col-xs-12&#8243;]<div class=\"mkdf-image-with-text-holder  mkdf-has-shadow \">\n    <div class=\"mkdf-iwt-image\">\n                                    <img loading=\"lazy\" decoding=\"async\" width=\"2314\" height=\"2560\" src=\"https:\/\/adwokat-justynakoziol.pl\/wp-content\/uploads\/2022\/03\/opinie2-scaled.jpg\" class=\"attachment-full size-full\" alt=\"\" srcset=\"https:\/\/adwokat-justynakoziol.pl\/wp-content\/uploads\/2022\/03\/opinie2-scaled.jpg 2314w, https:\/\/adwokat-justynakoziol.pl\/wp-content\/uploads\/2022\/03\/opinie2-271x300.jpg 271w, https:\/\/adwokat-justynakoziol.pl\/wp-content\/uploads\/2022\/03\/opinie2-926x1024.jpg 926w, https:\/\/adwokat-justynakoziol.pl\/wp-content\/uploads\/2022\/03\/opinie2-768x850.jpg 768w, https:\/\/adwokat-justynakoziol.pl\/wp-content\/uploads\/2022\/03\/opinie2-1389x1536.jpg 1389w, https:\/\/adwokat-justynakoziol.pl\/wp-content\/uploads\/2022\/03\/opinie2-1851x2048.jpg 1851w, https:\/\/adwokat-justynakoziol.pl\/wp-content\/uploads\/2022\/03\/opinie2-600x664.jpg 600w\" sizes=\"auto, (max-width: 2314px) 100vw, 2314px\" \/>                        <\/div>\n    <div class=\"mkdf-iwt-text-holder\">\n        \t\t    <\/div>\n<\/div>[\/vc_column][vc_column][vc_empty_space height=&#8221;34px&#8221;][vc_column_text]<\/p>\n<h1 style=\"text-align: center;\">Napisz opinie<\/h1>\n<p>[\/vc_column_text][vc_empty_space height=&#8221;34px&#8221;]<div role=\"form\" class=\"wpcf7\" id=\"wpcf7-f3959-o1\" lang=\"en-US\" dir=\"ltr\">\n<div class=\"screen-reader-response\"><p role=\"status\" aria-live=\"polite\" aria-atomic=\"true\"><\/p> <ul><\/ul><\/div>\n<form action=\"\/index.php?rest_route=%2Fwp%2Fv2%2Fpages%2F3943#wpcf7-f3959-o1\" method=\"post\" class=\"wpcf7-form init cf7_custom_style_2\" novalidate=\"novalidate\" data-status=\"init\">\n<div style=\"display: none;\">\n<input type=\"hidden\" name=\"_wpcf7\" value=\"3959\" \/>\n<input type=\"hidden\" name=\"_wpcf7_version\" value=\"5.4.1\" \/>\n<input type=\"hidden\" name=\"_wpcf7_locale\" value=\"en_US\" \/>\n<input type=\"hidden\" name=\"_wpcf7_unit_tag\" value=\"wpcf7-f3959-o1\" \/>\n<input type=\"hidden\" name=\"_wpcf7_container_post\" value=\"0\" \/>\n<input type=\"hidden\" name=\"_wpcf7_posted_data_hash\" value=\"\" \/>\n<input type=\"hidden\" name=\"_wpcf7_recaptcha_response\" value=\"\" \/>\n<\/div>\n<div class=\"mkdf-grid-row mkdf-grid-tiny-gutter\">\n<div class=\"mkdf-grid-col-6\">\n<span class=\"wpcf7-form-control-wrap your-name\"><input type=\"text\" name=\"your-name\" value=\"\" size=\"40\" class=\"wpcf7-form-control wpcf7-text wpcf7-validates-as-required\" aria-required=\"true\" aria-invalid=\"false\" placeholder=\"Autor\" \/><\/span>\n<\/div>\n<\/div>\n<\/div>\n<p><span class=\"wpcf7-form-control-wrap your-message\"><textarea name=\"your-message\" cols=\"40\" rows=\"10\" class=\"wpcf7-form-control wpcf7-textarea\" aria-invalid=\"false\" placeholder=\"Wpisz tekst...\"><\/textarea><\/span><br \/>\n<span class=\"wpcf7-form-control-wrap file-413\"><input type=\"file\" size=\"40\" class=\"wpcf7-form-control wpcf7-drag-n-drop-file d-none\" aria-invalid=\"false\" multiple=\"multiple\" data-name=\"file-413\" data-limit=\"20971520\" data-max=\"5\" data-id=\"3959\" accept=\".\" \/><\/span><br \/>\n<small><b>Administratorem danych osobowych jest Adwokat Justyna Kozio\u0142 prowadz\u0105ca dzia\u0142alno\u015b\u0107 gospodarcz\u0105 pod nazw\u0105 Kancelaria Adwokacka Justyna Kozio\u0142 adres: ul. Bz\u00f3w 7A, 40-410 Katowice, NIP 253 019 11 15, numer telefonu (+48)791 844 288, adres e-mail kancelaria@adwokat-justynakoziol.pl Dane osobowe b\u0119d\u0105 przetwarzane w zakresie niezb\u0119dnym do odpowiedzi na zadane pytanie, realizacji us\u0142ug \u015bwiadczenia pomocy prawnej, prowadzenia korespondencji e-mailowej lub telefonicznej oraz w celach z niej wynikaj\u0105cych. Podanie danych jest dobrowolne, ale niezb\u0119dne do przetworzenia zg\u0142oszenia. Szczeg\u00f3\u0142y zwi\u0105zane z przetwarzaniem danych znajduj\u0105 si\u0119 w <a href=\"https:\/\/adwokat-justynakoziol.pl\/?page_id=3673\"target=\"_blank\">zasadzie bezpiecze\u0144stwa i polityce prywatno\u015bci<\/a> oraz <a href=\"https:\/\/adwokat-justynakoziol.pl\/?page_id=3668\"target=\"_blank\">klauzuli informacyjnej (RODO)<\/a><\/b><\/small><br><br \/>\n<span class=\"wpcf7-form-control-wrap acceptance-203\"><span class=\"wpcf7-form-control wpcf7-acceptance\"><span class=\"wpcf7-list-item\"><label><input type=\"checkbox\" name=\"acceptance-203\" value=\"1\" aria-invalid=\"false\" \/><span class=\"wpcf7-list-item-label\">Wyra\u017cam zgod\u0119 na przetwarzanie moich danych osobowych zgodnie z Rozporz\u0105dzeniem o ochronie danych osobowych (RODO) w zwi\u0105zku z realizacj\u0105 zg\u0142oszenia. Zosta\u0142em\/am poinformowany\/a, \u017ce przys\u0142uguje mi prawo dost\u0119pu do swoich danych, mo\u017cliwo\u015bci ich poprawiania, \u017c\u0105dania zaprzestania ich przetwarzania<\/span><\/label><\/span><\/span><\/span><br \/>\n<input type=\"submit\" value=\"Wy\u015blij\" class=\"wpcf7-form-control wpcf7-submit\" \/><\/p>\n<div class=\"wpcf7-response-output\" aria-hidden=\"true\"><\/div><\/form><\/div>[vc_empty_space height=&#8221;50px&#8221;][\/vc_column][\/vc_row][vc_row full_width=&#8221;stretch_row_content_no_spaces&#8221;][vc_column]<div class=\"mkdf-clients-carousel-holder mkdf-cc-hover-switch-images\">\n\t<div class=\"mkdf-cc-inner mkdf-owl-slider\" data-number-of-items=\"4\" data-enable-loop=\"yes\" data-enable-autoplay=\"yes\" data-slider-speed=\"5000\" data-slider-speed-animation=\"600\" data-enable-navigation=\"no\" data-enable-pagination=\"no\">\n\t\t<div class=\"mkdf-cc-item mkdf-item-space mkdf-cci-no-link\">\n\t\t\t\t\t\t<img decoding=\"async\" itemprop=\"image\" class=\"mkdf-cc-image\" src=\"https:\/\/adwokat-justynakoziol.pl\/wp-content\/uploads\/2021\/05\/ue4.png\" alt=\"\" \/>\n\t\t\t\t\t\t\t<img decoding=\"async\" itemprop=\"image\" class=\"mkdf-cc-hover-image\" src=\"https:\/\/adwokat-justynakoziol.pl\/wp-content\/uploads\/2021\/05\/ue4.png\" alt=\"\" \/>\n\t\t\t<\/div><div class=\"mkdf-cc-item mkdf-item-space mkdf-cci-no-link\">\n\t\t\t\t\t\t<img decoding=\"async\" itemprop=\"image\" class=\"mkdf-cc-image\" src=\"https:\/\/adwokat-justynakoziol.pl\/wp-content\/uploads\/2021\/05\/ue1.png\" alt=\"\" \/>\n\t\t\t\t\t\t\t<img decoding=\"async\" itemprop=\"image\" class=\"mkdf-cc-hover-image\" src=\"https:\/\/adwokat-justynakoziol.pl\/wp-content\/uploads\/2021\/05\/ue1.png\" alt=\"\" \/>\n\t\t\t<\/div><div class=\"mkdf-cc-item mkdf-item-space mkdf-cci-no-link\">\n\t\t\t\t\t\t<img decoding=\"async\" itemprop=\"image\" class=\"mkdf-cc-image\" src=\"https:\/\/adwokat-justynakoziol.pl\/wp-content\/uploads\/2021\/05\/ue3.png\" alt=\"\" \/>\n\t\t\t\t\t\t\t<img decoding=\"async\" itemprop=\"image\" class=\"mkdf-cc-hover-image\" src=\"https:\/\/adwokat-justynakoziol.pl\/wp-content\/uploads\/2021\/05\/ue3.png\" alt=\"\" \/>\n\t\t\t<\/div><div class=\"mkdf-cc-item mkdf-item-space mkdf-cci-no-link\">\n\t\t\t\t\t\t<img decoding=\"async\" itemprop=\"image\" class=\"mkdf-cc-image\" src=\"https:\/\/adwokat-justynakoziol.pl\/wp-content\/uploads\/2021\/05\/ue2.png\" alt=\"\" \/>\n\t\t\t\t\t\t\t<img decoding=\"async\" itemprop=\"image\" class=\"mkdf-cc-hover-image\" src=\"https:\/\/adwokat-justynakoziol.pl\/wp-content\/uploads\/2021\/05\/ue2.png\" alt=\"\" \/>\n\t\t\t<\/div>\t<\/div>\n<\/div>[\/vc_column][\/vc_row]<\/p>\n","protected":false},"excerpt":{"rendered":"<p>[vc_row][vc_column][vc_column_text][\/vc_column_text][\/vc_column][\/vc_row][vc_row row_content_width=&#8221;grid&#8221; css=&#8221;.vc_custom_1538036856139{padding-top: 83px !important;padding-bottom: 85px !important;}&#8221;][vc_column offset=&#8221;vc_col-lg-offset-0 vc_col-lg-6 vc_col-md-offset-0 vc_col-md-12 vc_col-sm-offset-0 vc_col-xs-12&#8243;][vc_column_text][\/vc_column_text][\/vc_column][vc_column offset=&#8221;vc_col-lg-offset-0 vc_col-lg-6 vc_col-md-offset-0 vc_col-md-12 vc_col-sm-offset-0 vc_col-xs-12&#8243;][\/vc_column][vc_column][vc_empty_space height=&#8221;34px&#8221;][vc_column_text] Napisz opinie [\/vc_column_text][vc_empty_space height=&#8221;34px&#8221;][vc_empty_space height=&#8221;50px&#8221;][\/vc_column][\/vc_row][vc_row full_width=&#8221;stretch_row_content_no_spaces&#8221;][vc_column][\/vc_column][\/vc_row]<\/p>\n","protected":false},"author":1,"featured_media":0,"parent":0,"menu_order":0,"comment_status":"closed","ping_status":"closed","template":"","meta":{"footnotes":""},"class_list":["post-3943","page","type-page","status-publish","hentry"],"_links":{"self":[{"href":"https:\/\/adwokat-justynakoziol.pl\/index.php?rest_route=\/wp\/v2\/pages\/3943","targetHints":{"allow":["GET"]}}],"collection":[{"href":"https:\/\/adwokat-justynakoziol.pl\/index.php?rest_route=\/wp\/v2\/pages"}],"about":[{"href":"https:\/\/adwokat-justynakoziol.pl\/index.php?rest_route=\/wp\/v2\/types\/page"}],"author":[{"embeddable":true,"href":"https:\/\/adwokat-justynakoziol.pl\/index.php?rest_route=\/wp\/v2\/users\/1"}],"replies":[{"embeddable":true,"href":"https:\/\/adwokat-justynakoziol.pl\/index.php?rest_route=%2Fwp%2Fv2%2Fcomments&post=3943"}],"version-history":[{"count":26,"href":"https:\/\/adwokat-justynakoziol.pl\/index.php?rest_route=\/wp\/v2\/pages\/3943\/revisions"}],"predecessor-version":[{"id":3999,"href":"https:\/\/adwokat-justynakoziol.pl\/index.php?rest_route=\/wp\/v2\/pages\/3943\/revisions\/3999"}],"wp:attachment":[{"href":"https:\/\/adwokat-justynakoziol.pl\/index.php?rest_route=%2Fwp%2Fv2%2Fmedia&parent=3943"}],"curies":[{"name":"wp","href":"https:\/\/api.w.org\/{rel}","templated":true}]}}