{"id":513,"date":"2018-09-26T14:21:29","date_gmt":"2018-09-26T14:21:29","guid":{"rendered":"http:\/\/justicia.mikado-themes.com\/?page_id=513"},"modified":"2021-06-23T23:33:33","modified_gmt":"2021-06-23T21:33:33","slug":"contact-us","status":"publish","type":"page","link":"https:\/\/adwokat-justynakoziol.pl\/?page_id=513","title":{"rendered":"KONTAKT"},"content":{"rendered":"<p>[vc_row][vc_column][vc_column_text][\/vc_column_text][\/vc_column][\/vc_row][vc_row row_content_width=&#8221;grid&#8221; css=&#8221;.vc_custom_1538036856139{padding-top: 83px !important;padding-bottom: 85px !important;}&#8221;][vc_column offset=&#8221;vc_col-lg-offset-0 vc_col-lg-6 vc_col-md-offset-0 vc_col-md-12 vc_col-sm-offset-0 vc_col-xs-12&#8243;]<div class=\"mkdf-elements-holder   mkdf-one-column  mkdf-responsive-mode-768 \" ><div class=\"mkdf-eh-item     \"  data-item-class=\"mkdf-eh-custom-9268\" data-1367-1600=\"22px 20px 0px 0px\" data-1025-1366=\"22px 20px 0px 0px\" data-769-1024=\"22px 0px 0px 0px\" data-681-768=\"22px 0px 0px 0px\" data-680=\"22px 0px 0px 0px\">\n\t    <div class=\"mkdf-eh-item-inner\">\n\t\t<div class=\"mkdf-eh-item-content mkdf-eh-custom-9268\" style=\"padding: 22px 20px 0px 0px\">\n\t\t\t[vc_gmaps link=&#8221;#E-8_JTNDaWZyYW1lJTIwc3JjJTNEJTIyaHR0cHMlM0ElMkYlMkZ3d3cuZ29vZ2xlLmNvbSUyRm1hcHMlMkZlbWJlZCUzRnBiJTNEJTIxMW0xOCUyMTFtMTIlMjExbTMlMjExZDI1NTEuNzY5MDg2NDU0NzYlMjEyZDE5LjA5NTE3ODkxNTcyMzc2NCUyMTNkNTAuMjQwMjE4Njc5NDQ2OTQlMjEybTMlMjExZjAlMjEyZjAlMjEzZjAlMjEzbTIlMjExaTEwMjQlMjEyaTc2OCUyMTRmMTMuMSUyMTNtMyUyMTFtMiUyMTFzMHg0NzE2YzU2NjllMDA0ZjkxJTI1M0EweDllNWMyMGVlMTQ2ZDA4M2ElMjEyc0J6JTI1QzMlMjVCM3clMjUyMDclMjUyQyUyNTIwNDAtNDEwJTI1MjBLYXRvd2ljZSUyNTJDJTI1MjBQb2xhbmQlMjE1ZTAlMjEzbTIlMjExc2VuJTIxMnN1ayUyMTR2MTYyMTAzNzk2Mzc4OSUyMTVtMiUyMTFzZW4lMjEyc3VrJTIyJTIwd2lkdGglM0QlMjI2MDBweCUyMiUyMGhlaWdodCUzRCUyMjU5MHB4JTIyJTIwc3R5bGUlM0QlMjJib3JkZXIlM0EwJTNCJTIyJTIwYWxsb3dmdWxsc2NyZWVuJTNEJTIyJTIyJTIwbG9hZGluZyUzRCUyMmxhenklMjIlM0UlM0MlMkZpZnJhbWUlM0U=&#8221; css_animation=&#8221;bounceIn&#8221;]\t\t<\/div>\n\t<\/div>\n<\/div><\/div>[vc_column_text][\/vc_column_text][\/vc_column][vc_column offset=&#8221;vc_col-lg-offset-0 vc_col-lg-6 vc_col-md-offset-0 vc_col-md-12 vc_col-sm-offset-0 vc_col-xs-12&#8243;][vc_column_text]<\/p>\n<h1>Kontakt<\/h1>\n<p>[\/vc_column_text][vc_column_text css_animation=&#8221;none&#8221; css=&#8221;.vc_custom_1624484002027{padding-top: 6px !important;}&#8221;]<\/p>\n<p style=\"text-align: left;\">Kancelaria Adwokacka<br \/>\nJustyna Kozio\u0142<br \/>\nul. Bz\u00f3w 7 A<br \/>\n40-410 Katowice<\/p>\n<p style=\"text-align: left;\">NIP: 253 019 11 15<br \/>\nREGON:\u00a0 388\u00a0507\u00a0764<\/p>\n<p><span style=\"font-weight: 400;\">Kancelaria znajduje si\u0119 na dzielnicy Jan\u00f3w \u2013 Nikiszowiec.<\/span><\/p>\n<p><span style=\"font-weight: 400;\">Bezp\u0142atny parking dla Klient\u00f3w<\/span><\/p>\n<hr \/>\n<p><b>Sekretariat<\/b><\/p>\n<p><span style=\"font-weight: 400;\">tel.\u00a0 <\/span><b>(+48) 791\u00a0844\u00a0288<\/b><\/p>\n<p><span style=\"font-weight: 400;\">Kancelaria czynna jest od Pon do Pt w godzinach 9:00 \u2013 17:00<\/span><\/p>\n<p><span style=\"font-weight: 400;\">Spotkania po wcze\u015bniejszym um\u00f3wieniu.<\/span><\/p>\n<p><span style=\"font-weight: 400;\">Mo\u017cliwe terminy spotka\u0144 w weekendy.<\/span><\/p>\n<p><span style=\"font-weight: 400;\">e-mail: <\/span><b>kancelaria@adwokat-justynakoziol.pl<\/b>[\/vc_column_text][\/vc_column][vc_column][vc_empty_space height=&#8221;34px&#8221;][vc_column_text]<\/p>\n<h1 style=\"text-align: center;\">Formularz kontaktowy<\/h1>\n<p>[\/vc_column_text][vc_empty_space height=&#8221;34px&#8221;]<div role=\"form\" class=\"wpcf7\" id=\"wpcf7-f542-o1\" lang=\"en-US\" dir=\"ltr\">\n<div class=\"screen-reader-response\"><p role=\"status\" aria-live=\"polite\" aria-atomic=\"true\"><\/p> <ul><\/ul><\/div>\n<form action=\"\/index.php?rest_route=%2Fwp%2Fv2%2Fpages%2F513#wpcf7-f542-o1\" method=\"post\" class=\"wpcf7-form init cf7_custom_style_2\" novalidate=\"novalidate\" data-status=\"init\">\n<div style=\"display: none;\">\n<input type=\"hidden\" name=\"_wpcf7\" value=\"542\" \/>\n<input type=\"hidden\" name=\"_wpcf7_version\" value=\"5.4.1\" \/>\n<input type=\"hidden\" name=\"_wpcf7_locale\" value=\"en_US\" \/>\n<input type=\"hidden\" name=\"_wpcf7_unit_tag\" value=\"wpcf7-f542-o1\" \/>\n<input type=\"hidden\" name=\"_wpcf7_container_post\" value=\"0\" \/>\n<input type=\"hidden\" name=\"_wpcf7_posted_data_hash\" value=\"\" \/>\n<input type=\"hidden\" name=\"_wpcf7_recaptcha_response\" value=\"\" \/>\n<\/div>\n<div class=\"mkdf-grid-row mkdf-grid-tiny-gutter\">\n<div class=\"mkdf-grid-col-6\">\n<span class=\"wpcf7-form-control-wrap your-name\"><input type=\"text\" name=\"your-name\" value=\"\" size=\"40\" class=\"wpcf7-form-control wpcf7-text wpcf7-validates-as-required\" aria-required=\"true\" aria-invalid=\"false\" placeholder=\"Imi\u0119\" \/><\/span>\n<\/div>\n<div class=\"mkdf-grid-col-6\">\n<span class=\"wpcf7-form-control-wrap your-email\"><input type=\"email\" name=\"your-email\" value=\"\" size=\"40\" class=\"wpcf7-form-control wpcf7-text wpcf7-email wpcf7-validates-as-required wpcf7-validates-as-email\" aria-required=\"true\" aria-invalid=\"false\" placeholder=\"E-mail\" \/><\/span>\n<\/div>\n<div class=\"mkdf-grid-col-6\">\n<span class=\"wpcf7-form-control-wrap your-phone\"><input type=\"text\" name=\"your-phone\" value=\"\" size=\"40\" class=\"wpcf7-form-control wpcf7-text wpcf7-validates-as-required\" aria-required=\"true\" aria-invalid=\"false\" placeholder=\"Telefon\" \/><\/span>\n<\/div>\n<div class=\"mkdf-grid-col-6\">\n<span class=\"wpcf7-form-control-wrap text-894\"><input type=\"text\" name=\"text-894\" value=\"Wpisz temat\" size=\"40\" class=\"wpcf7-form-control wpcf7-text wpcf7-validates-as-required\" aria-required=\"true\" aria-invalid=\"false\" \/><\/span>\n<\/div>\n<\/div>\n<p><span class=\"wpcf7-form-control-wrap your-message\"><textarea name=\"your-message\" cols=\"40\" rows=\"10\" class=\"wpcf7-form-control wpcf7-textarea\" aria-invalid=\"false\" placeholder=\"Kr\u00f3tki opis problemu...\"><\/textarea><\/span><br \/>\n<span class=\"wpcf7-form-control-wrap file-413\"><input type=\"file\" size=\"40\" class=\"wpcf7-form-control wpcf7-drag-n-drop-file d-none\" aria-invalid=\"false\" multiple=\"multiple\" data-name=\"file-413\" data-limit=\"20971520\" data-max=\"5\" data-id=\"542\" accept=\".\" \/><\/span><br \/>\n<small><b>Administratorem danych osobowych jest Adwokat Justyna Kozio\u0142 prowadz\u0105ca dzia\u0142alno\u015b\u0107 gospodarcz\u0105 pod nazw\u0105 Kancelaria Adwokacka Justyna Kozio\u0142 adres: ul. Bz\u00f3w 7A, 40-410 Katowice, NIP 253 019 11 15, numer telefonu (+48)791 844 288, adres e-mail kancelaria@adwokat-justynakoziol.pl Dane osobowe b\u0119d\u0105 przetwarzane w zakresie niezb\u0119dnym do odpowiedzi na zadane pytanie, realizacji us\u0142ug \u015bwiadczenia pomocy prawnej, prowadzenia korespondencji e-mailowej lub telefonicznej oraz w celach z niej wynikaj\u0105cych. Podanie danych jest dobrowolne, ale niezb\u0119dne do przetworzenia zg\u0142oszenia. Szczeg\u00f3\u0142y zwi\u0105zane z przetwarzaniem danych znajduj\u0105 si\u0119 w <a href=\"https:\/\/adwokat-justynakoziol.pl\/?page_id=3673\"target=\"_blank\">zasadzie bezpiecze\u0144stwa i polityce prywatno\u015bci<\/a> oraz <a href=\"https:\/\/adwokat-justynakoziol.pl\/?page_id=3668\"target=\"_blank\">klauzuli informacyjnej (RODO)<\/a><\/b><\/small><br><br \/>\n<span class=\"wpcf7-form-control-wrap acceptance-203\"><span class=\"wpcf7-form-control wpcf7-acceptance\"><span class=\"wpcf7-list-item\"><label><input type=\"checkbox\" name=\"acceptance-203\" value=\"1\" aria-invalid=\"false\" \/><span class=\"wpcf7-list-item-label\">Wyra\u017cam zgod\u0119 na przetwarzanie moich danych osobowych zgodnie z Rozporz\u0105dzeniem o ochronie danych osobowych (RODO) w zwi\u0105zku z realizacj\u0105 zg\u0142oszenia. Zosta\u0142em\/am poinformowany\/a, \u017ce przys\u0142uguje mi prawo dost\u0119pu do swoich danych, mo\u017cliwo\u015bci ich poprawiania, \u017c\u0105dania zaprzestania ich przetwarzania<\/span><\/label><\/span><\/span><\/span><br \/>\n<input type=\"submit\" value=\"Wy\u015blij\" class=\"wpcf7-form-control wpcf7-submit\" \/><\/p>\n<div class=\"wpcf7-response-output\" aria-hidden=\"true\"><\/div><\/form><\/div>[vc_empty_space height=&#8221;50px&#8221;][\/vc_column][\/vc_row][vc_row full_width=&#8221;stretch_row_content_no_spaces&#8221;][vc_column]<div class=\"mkdf-clients-carousel-holder mkdf-cc-hover-switch-images\">\n\t<div class=\"mkdf-cc-inner mkdf-owl-slider\" data-number-of-items=\"4\" data-enable-loop=\"yes\" data-enable-autoplay=\"yes\" data-slider-speed=\"5000\" data-slider-speed-animation=\"600\" data-enable-navigation=\"no\" data-enable-pagination=\"no\">\n\t\t<div class=\"mkdf-cc-item mkdf-item-space mkdf-cci-no-link\">\n\t\t\t\t\t\t<img decoding=\"async\" itemprop=\"image\" class=\"mkdf-cc-image\" src=\"https:\/\/adwokat-justynakoziol.pl\/wp-content\/uploads\/2021\/05\/ue4.png\" alt=\"\" \/>\n\t\t\t\t\t\t\t<img decoding=\"async\" itemprop=\"image\" class=\"mkdf-cc-hover-image\" src=\"https:\/\/adwokat-justynakoziol.pl\/wp-content\/uploads\/2021\/05\/ue4.png\" alt=\"\" \/>\n\t\t\t<\/div><div class=\"mkdf-cc-item mkdf-item-space mkdf-cci-no-link\">\n\t\t\t\t\t\t<img decoding=\"async\" itemprop=\"image\" class=\"mkdf-cc-image\" src=\"https:\/\/adwokat-justynakoziol.pl\/wp-content\/uploads\/2021\/05\/ue1.png\" alt=\"\" \/>\n\t\t\t\t\t\t\t<img decoding=\"async\" itemprop=\"image\" class=\"mkdf-cc-hover-image\" src=\"https:\/\/adwokat-justynakoziol.pl\/wp-content\/uploads\/2021\/05\/ue1.png\" alt=\"\" \/>\n\t\t\t<\/div><div class=\"mkdf-cc-item mkdf-item-space mkdf-cci-no-link\">\n\t\t\t\t\t\t<img decoding=\"async\" itemprop=\"image\" class=\"mkdf-cc-image\" src=\"https:\/\/adwokat-justynakoziol.pl\/wp-content\/uploads\/2021\/05\/ue3.png\" alt=\"\" \/>\n\t\t\t\t\t\t\t<img decoding=\"async\" itemprop=\"image\" class=\"mkdf-cc-hover-image\" src=\"https:\/\/adwokat-justynakoziol.pl\/wp-content\/uploads\/2021\/05\/ue3.png\" alt=\"\" \/>\n\t\t\t<\/div><div class=\"mkdf-cc-item mkdf-item-space mkdf-cci-no-link\">\n\t\t\t\t\t\t<img decoding=\"async\" itemprop=\"image\" class=\"mkdf-cc-image\" src=\"https:\/\/adwokat-justynakoziol.pl\/wp-content\/uploads\/2021\/05\/ue2.png\" alt=\"\" \/>\n\t\t\t\t\t\t\t<img decoding=\"async\" itemprop=\"image\" class=\"mkdf-cc-hover-image\" src=\"https:\/\/adwokat-justynakoziol.pl\/wp-content\/uploads\/2021\/05\/ue2.png\" alt=\"\" \/>\n\t\t\t<\/div>\t<\/div>\n<\/div>[\/vc_column][\/vc_row]<\/p>\n","protected":false},"excerpt":{"rendered":"<p>[vc_row][vc_column][vc_column_text][\/vc_column_text][\/vc_column][\/vc_row][vc_row row_content_width=&#8221;grid&#8221; css=&#8221;.vc_custom_1538036856139{padding-top: 83px !important;padding-bottom: 85px !important;}&#8221;][vc_column offset=&#8221;vc_col-lg-offset-0 vc_col-lg-6 vc_col-md-offset-0 vc_col-md-12 vc_col-sm-offset-0 vc_col-xs-12&#8243;][vc_column_text][\/vc_column_text][\/vc_column][vc_column offset=&#8221;vc_col-lg-offset-0 vc_col-lg-6 vc_col-md-offset-0 vc_col-md-12 vc_col-sm-offset-0 vc_col-xs-12&#8243;][vc_column_text] Kontakt [\/vc_column_text][vc_column_text css_animation=&#8221;none&#8221; css=&#8221;.vc_custom_1624484002027{padding-top: 6px !important;}&#8221;] Kancelaria Adwokacka Justyna Kozio\u0142 ul. Bz\u00f3w 7 A 40-410 Katowice NIP: 253 019 11 15 [&hellip;]<\/p>\n","protected":false},"author":1,"featured_media":0,"parent":0,"menu_order":0,"comment_status":"closed","ping_status":"closed","template":"","meta":{"footnotes":""},"class_list":["post-513","page","type-page","status-publish","hentry"],"_links":{"self":[{"href":"https:\/\/adwokat-justynakoziol.pl\/index.php?rest_route=\/wp\/v2\/pages\/513","targetHints":{"allow":["GET"]}}],"collection":[{"href":"https:\/\/adwokat-justynakoziol.pl\/index.php?rest_route=\/wp\/v2\/pages"}],"about":[{"href":"https:\/\/adwokat-justynakoziol.pl\/index.php?rest_route=\/wp\/v2\/types\/page"}],"author":[{"embeddable":true,"href":"https:\/\/adwokat-justynakoziol.pl\/index.php?rest_route=\/wp\/v2\/users\/1"}],"replies":[{"embeddable":true,"href":"https:\/\/adwokat-justynakoziol.pl\/index.php?rest_route=%2Fwp%2Fv2%2Fcomments&post=513"}],"version-history":[{"count":80,"href":"https:\/\/adwokat-justynakoziol.pl\/index.php?rest_route=\/wp\/v2\/pages\/513\/revisions"}],"predecessor-version":[{"id":3774,"href":"https:\/\/adwokat-justynakoziol.pl\/index.php?rest_route=\/wp\/v2\/pages\/513\/revisions\/3774"}],"wp:attachment":[{"href":"https:\/\/adwokat-justynakoziol.pl\/index.php?rest_route=%2Fwp%2Fv2%2Fmedia&parent=513"}],"curies":[{"name":"wp","href":"https:\/\/api.w.org\/{rel}","templated":true}]}}